{"id":145,"date":"2021-02-08T02:18:54","date_gmt":"2021-02-08T02:18:54","guid":{"rendered":"https:\/\/www.opalmotion.com\/?page_id=145"},"modified":"2021-12-31T10:22:31","modified_gmt":"2021-12-31T10:22:31","slug":"linear-guides","status":"publish","type":"page","link":"https:\/\/www.opalmotion.com\/de\/linear-guides\/","title":{"rendered":"Linearf\u00fchrungen"},"content":{"rendered":"<div class=\"fusion-fullwidth fullwidth-box fusion-builder-row-1 fusion-flex-container nonhundred-percent-fullwidth non-hundred-percent-height-scrolling\" style=\"--awb-border-radius-top-left:0px;--awb-border-radius-top-right:0px;--awb-border-radius-bottom-right:0px;--awb-border-radius-bottom-left:0px;--awb-flex-wrap:wrap;\" ><div class=\"fusion-builder-row fusion-row fusion-flex-align-items-flex-start fusion-flex-content-wrap\" style=\"max-width:1539.2px;margin-left: calc(-4% \/ 2 );margin-right: calc(-4% \/ 2 );\"><div class=\"fusion-layout-column fusion_builder_column fusion-builder-column-0 fusion_builder_column_1_2 1_2 fusion-flex-column\" style=\"--awb-bg-size:cover;--awb-width-large:50%;--awb-margin-top-large:10px;--awb-spacing-right-large:3.84%;--awb-margin-bottom-large:10px;--awb-spacing-left-large:3.84%;--awb-width-medium:50%;--awb-order-medium:0;--awb-spacing-right-medium:3.84%;--awb-spacing-left-medium:3.84%;--awb-width-small:100%;--awb-order-small:0;--awb-spacing-right-small:1.92%;--awb-spacing-left-small:1.92%;\"><div class=\"fusion-column-wrapper fusion-column-has-shadow fusion-flex-justify-content-flex-start fusion-content-layout-column\"><div class=\"fusion-title title fusion-title-1 fusion-sep-none fusion-title-text fusion-title-size-two\" style=\"--awb-text-color:#1840b4;--awb-margin-top-small:10px;--awb-margin-right-small:0px;--awb-margin-bottom-small:10px;--awb-margin-left-small:0px;--awb-font-size:18px;\"><h2 class=\"fusion-title-heading title-heading-left\" style=\"margin:0;font-size:1em;\"><a href=\"https:\/\/www.opalmotion.com\/de\/sg-high-capacity-linear-guide\/\"><strong>SG Serie\u00a0<\/strong><\/a><\/h2><\/div><div class=\"fusion-image-element\" style=\"--awb-caption-title-font-family:var(--h2_typography-font-family);--awb-caption-title-font-weight:var(--h2_typography-font-weight);--awb-caption-title-font-style:var(--h2_typography-font-style);--awb-caption-title-size:var(--h2_typography-font-size);--awb-caption-title-transform:var(--h2_typography-text-transform);--awb-caption-title-line-height:var(--h2_typography-line-height);--awb-caption-title-letter-spacing:var(--h2_typography-letter-spacing);\"><span class=\"fusion-imageframe imageframe-none imageframe-1 hover-type-zoomin\" style=\"border:4px solid #f4f6f9;\"><a class=\"fusion-no-lightbox\" href=\"https:\/\/www.opalmotion.com\/de\/sg-high-capacity-linear-guide\/\" target=\"_self\"><img decoding=\"async\" width=\"600\" height=\"450\" alt=\"1. SG high capacity linear guide\" src=\"https:\/\/www.opalmotion.com\/wp-content\/uploads\/2021\/02\/1.-SG-high-capacity-linear-guide.jpg\" class=\"img-responsive wp-image-87\" srcset=\"https:\/\/www.opalmotion.com\/wp-content\/uploads\/2021\/02\/1.-SG-high-capacity-linear-guide-200x150.jpg 200w, https:\/\/www.opalmotion.com\/wp-content\/uploads\/2021\/02\/1.-SG-high-capacity-linear-guide-400x300.jpg 400w, https:\/\/www.opalmotion.com\/wp-content\/uploads\/2021\/02\/1.-SG-high-capacity-linear-guide.jpg 600w\" sizes=\"(max-width: 640px) 100vw, 600px\" \/><\/a><\/span><\/div><div ><a class=\"fusion-button button-flat button-small button-default fusion-button-default button-1 fusion-button-default-span fusion-button-default-type\" style=\"--button_margin-top:10px;--button_margin-bottom:10px;\" target=\"_self\" href=\"https:\/\/www.opalmotion.com\/de\/sg-high-capacity-linear-guide\/\"><span class=\"fusion-button-text awb-button__text awb-button__text--default\">Mehr erfahren<\/span><i class=\"fa-angle-double-right fas awb-button__icon awb-button__icon--default button-icon-right\" aria-hidden=\"true\"><\/i><\/a><\/div><div class=\"fusion-text fusion-text-1\"><p>*Merkmal: Schwer belastbar, staubdicht Unsere Schleifmaschine verwendet z.B. diese Serie.*<\/p>\n<p>Die Linearf\u00fchrungen der SG Serie haben eine h\u00f6here Momententragf\u00e4higkeit als die Standard LDH Serie.<\/p>\n<p>Die O-Typ (Back-to-Back) Lagerkonfiguration und eine integrierte R\u00fcckf\u00fchreinheit optimieren die Lagerzirkulation, was die Momentenkapazit\u00e4ten erheblich verbessert und eine reibungslose Bewegung gew\u00e4hrleistet.<\/p>\n<p>Ein optionales Abdeckstreifen aus Edelstahl erh\u00f6ht den Staubschutz und gew\u00e4hrleistet einen reibungslosen Block\u00fcbergang.<\/p>\n<\/div><\/div><\/div><div class=\"fusion-layout-column fusion_builder_column fusion-builder-column-1 fusion_builder_column_1_2 1_2 fusion-flex-column\" style=\"--awb-bg-size:cover;--awb-width-large:50%;--awb-margin-top-large:10px;--awb-spacing-right-large:3.84%;--awb-margin-bottom-large:10px;--awb-spacing-left-large:3.84%;--awb-width-medium:50%;--awb-order-medium:0;--awb-spacing-right-medium:3.84%;--awb-spacing-left-medium:3.84%;--awb-width-small:100%;--awb-order-small:0;--awb-spacing-right-small:1.92%;--awb-spacing-left-small:1.92%;\"><div class=\"fusion-column-wrapper fusion-column-has-shadow fusion-flex-justify-content-flex-start fusion-content-layout-column\"><div class=\"fusion-title title fusion-title-2 fusion-sep-none fusion-title-text fusion-title-size-two\" style=\"--awb-text-color:#1840b4;--awb-margin-top-small:10px;--awb-margin-right-small:0px;--awb-margin-bottom-small:10px;--awb-margin-left-small:0px;--awb-font-size:18px;\"><h2 class=\"fusion-title-heading title-heading-left\" style=\"margin:0;font-size:1em;\"><a href=\"https:\/\/www.opalmotion.com\/de\/ldh-standard-linear-guides\/\"><strong>LDH Serie<\/strong><\/a><\/h2><\/div><div class=\"fusion-image-element\" style=\"--awb-caption-title-font-family:var(--h2_typography-font-family);--awb-caption-title-font-weight:var(--h2_typography-font-weight);--awb-caption-title-font-style:var(--h2_typography-font-style);--awb-caption-title-size:var(--h2_typography-font-size);--awb-caption-title-transform:var(--h2_typography-text-transform);--awb-caption-title-line-height:var(--h2_typography-line-height);--awb-caption-title-letter-spacing:var(--h2_typography-letter-spacing);\"><span class=\"fusion-imageframe imageframe-none imageframe-2 hover-type-zoomin\" style=\"border:4px solid #f4f6f9;\"><a class=\"fusion-no-lightbox\" href=\"https:\/\/www.opalmotion.com\/de\/ldh-standard-linear-guides\/\" target=\"_self\"><img decoding=\"async\" width=\"600\" height=\"450\" alt=\"2. LDH standard linear guides\" src=\"https:\/\/www.opalmotion.com\/wp-content\/uploads\/2021\/02\/2.-LDH-standard-linear-guides.jpg\" class=\"img-responsive wp-image-88\" srcset=\"https:\/\/www.opalmotion.com\/wp-content\/uploads\/2021\/02\/2.-LDH-standard-linear-guides-200x150.jpg 200w, https:\/\/www.opalmotion.com\/wp-content\/uploads\/2021\/02\/2.-LDH-standard-linear-guides-400x300.jpg 400w, https:\/\/www.opalmotion.com\/wp-content\/uploads\/2021\/02\/2.-LDH-standard-linear-guides.jpg 600w\" sizes=\"(max-width: 640px) 100vw, 600px\" \/><\/a><\/span><\/div><div ><a class=\"fusion-button button-flat button-small button-default fusion-button-default button-2 fusion-button-default-span fusion-button-default-type\" style=\"--button_margin-top:10px;--button_margin-bottom:10px;\" target=\"_self\" href=\"https:\/\/www.opalmotion.com\/de\/ldh-standard-linear-guides\/\"><span class=\"fusion-button-text awb-button__text awb-button__text--default\">Mehr erfahren<\/span><i class=\"fa-angle-double-right fas awb-button__icon awb-button__icon--default button-icon-right\" aria-hidden=\"true\"><\/i><\/a><\/div><div class=\"fusion-text fusion-text-2\"><p>*Merkmal: Austauschbar mit HG, kompatibel mit den meisten anderen Marken. Weit verbreitet in verschiedenen Industrien.*<\/p>\n<p>Standard Linearf\u00fchrungsschienen und -bl\u00f6cke haben einen wettbewerbsf\u00e4higen Preis und eine angemessene Qualit\u00e4t. Sie eignen sich f\u00fcr weniger anspruchsvolle Anwendungen und sind austauschbar mit HG-Produkten mit Linearblock und Linearf\u00fchrungsschienen mit C-normaler Genauigkeit, Null, leichter und hoher Vorspannung.<\/p>\n<\/div><\/div><\/div><div class=\"fusion-layout-column fusion_builder_column fusion-builder-column-2 fusion_builder_column_1_2 1_2 fusion-flex-column\" style=\"--awb-bg-size:cover;--awb-width-large:50%;--awb-margin-top-large:10px;--awb-spacing-right-large:3.84%;--awb-margin-bottom-large:10px;--awb-spacing-left-large:3.84%;--awb-width-medium:50%;--awb-order-medium:0;--awb-spacing-right-medium:3.84%;--awb-spacing-left-medium:3.84%;--awb-width-small:100%;--awb-order-small:0;--awb-spacing-right-small:1.92%;--awb-spacing-left-small:1.92%;\"><div class=\"fusion-column-wrapper fusion-column-has-shadow fusion-flex-justify-content-flex-start fusion-content-layout-column\"><div class=\"fusion-title title fusion-title-3 fusion-sep-none fusion-title-text fusion-title-size-two\" style=\"--awb-text-color:#1840b4;--awb-margin-top-small:10px;--awb-margin-right-small:0px;--awb-margin-bottom-small:10px;--awb-margin-left-small:0px;--awb-font-size:18px;\"><h2 class=\"fusion-title-heading title-heading-left\" style=\"margin:0;font-size:1em;\"><a href=\"https:\/\/www.opalmotion.com\/de\/miniature-linear-guide\/\"><strong>LDM Serie Miniaturen\u00a0<\/strong><\/a><\/h2><\/div><div class=\"fusion-image-element\" style=\"--awb-caption-title-font-family:var(--h2_typography-font-family);--awb-caption-title-font-weight:var(--h2_typography-font-weight);--awb-caption-title-font-style:var(--h2_typography-font-style);--awb-caption-title-size:var(--h2_typography-font-size);--awb-caption-title-transform:var(--h2_typography-text-transform);--awb-caption-title-line-height:var(--h2_typography-line-height);--awb-caption-title-letter-spacing:var(--h2_typography-letter-spacing);\"><span class=\"fusion-imageframe imageframe-none imageframe-3 hover-type-zoomin\" style=\"border:4px solid #f4f6f9;\"><a class=\"fusion-no-lightbox\" href=\"https:\/\/www.opalmotion.com\/de\/miniature-linear-guide\/\" target=\"_self\"><img decoding=\"async\" width=\"800\" height=\"533\" alt=\"LDM Serie Miniaturen\" src=\"https:\/\/www.opalmotion.com\/wp-content\/uploads\/2021\/11\/Miniatures.jpg\" class=\"img-responsive wp-image-883\" srcset=\"https:\/\/www.opalmotion.com\/wp-content\/uploads\/2021\/11\/Miniatures-200x133.jpg 200w, https:\/\/www.opalmotion.com\/wp-content\/uploads\/2021\/11\/Miniatures-400x267.jpg 400w, https:\/\/www.opalmotion.com\/wp-content\/uploads\/2021\/11\/Miniatures-600x400.jpg 600w, https:\/\/www.opalmotion.com\/wp-content\/uploads\/2021\/11\/Miniatures.jpg 800w\" sizes=\"(max-width: 640px) 100vw, 800px\" \/><\/a><\/span><\/div><div ><a class=\"fusion-button button-flat button-small button-default fusion-button-default button-3 fusion-button-default-span fusion-button-default-type\" style=\"--button_margin-top:10px;--button_margin-bottom:10px;\" target=\"_self\" href=\"https:\/\/www.opalmotion.com\/de\/miniature-linear-guide\/\"><span class=\"fusion-button-text awb-button__text awb-button__text--default\">Mehr erfahren<\/span><i class=\"fa-angle-double-right fas awb-button__icon awb-button__icon--default button-icon-right\" aria-hidden=\"true\"><\/i><\/a><\/div><div class=\"fusion-text fusion-text-3\"><p>*Merkmal: Austauschbar mit MGN, kompatibel mit den meisten anderen Marken*<\/p>\n<p>Miniatur-Linearf\u00fchrungen bieten eine pr\u00e4zise, reibungsarme F\u00fchrung von Vorlasten f\u00fcr Maschinen- und Ger\u00e4teanwendungen. Ein oder mehrere Lagerbl\u00f6cke k\u00f6nnen auf einer Linearf\u00fchrungsschiene montiert werden.<\/p>\n<p>Es gibt auch Optionen f\u00fcr Standard, breite und l\u00e4ngere Bl\u00f6cke. Es sind drei verschiedene Genauigkeitsgrade erh\u00e4ltlich: C, H und P-Grad.<\/p>\n<p>Diese Produkte sind in Industriestandardgr\u00f6\u00dfen von Gr\u00f6\u00dfe 7 bis Gr\u00f6\u00dfe 15 erh\u00e4ltlich. Schienenl\u00e4nge bis zu 2.000 mm.<\/p>\n<\/div><\/div><\/div><div class=\"fusion-layout-column fusion_builder_column fusion-builder-column-3 fusion_builder_column_1_2 1_2 fusion-flex-column\" style=\"--awb-bg-size:cover;--awb-width-large:50%;--awb-margin-top-large:10px;--awb-spacing-right-large:3.84%;--awb-margin-bottom-large:10px;--awb-spacing-left-large:3.84%;--awb-width-medium:50%;--awb-order-medium:0;--awb-spacing-right-medium:3.84%;--awb-spacing-left-medium:3.84%;--awb-width-small:100%;--awb-order-small:0;--awb-spacing-right-small:1.92%;--awb-spacing-left-small:1.92%;\"><div class=\"fusion-column-wrapper fusion-column-has-shadow fusion-flex-justify-content-flex-start fusion-content-layout-column\"><div class=\"fusion-title title fusion-title-4 fusion-sep-none fusion-title-text fusion-title-size-two\" style=\"--awb-text-color:#1840b4;--awb-margin-top-small:10px;--awb-margin-right-small:0px;--awb-margin-bottom-small:10px;--awb-margin-left-small:0px;--awb-font-size:18px;\"><h2 class=\"fusion-title-heading title-heading-left\" style=\"margin:0;font-size:1em;\"><a href=\"https:\/\/www.opalmotion.com\/de\/stainless-steel-miniature-guide\/\"><strong>LDM Serie Miniaturen Edelstahl<\/strong><\/a><\/h2><\/div><div class=\"fusion-image-element\" style=\"--awb-caption-title-font-family:var(--h2_typography-font-family);--awb-caption-title-font-weight:var(--h2_typography-font-weight);--awb-caption-title-font-style:var(--h2_typography-font-style);--awb-caption-title-size:var(--h2_typography-font-size);--awb-caption-title-transform:var(--h2_typography-text-transform);--awb-caption-title-line-height:var(--h2_typography-line-height);--awb-caption-title-letter-spacing:var(--h2_typography-letter-spacing);\"><span class=\"fusion-imageframe imageframe-none imageframe-4 hover-type-zoomin\" style=\"border:4px solid #f4f6f9;\"><a class=\"fusion-no-lightbox\" href=\"https:\/\/www.opalmotion.com\/de\/stainless-steel-miniature-guide\/\" target=\"_self\"><img decoding=\"async\" width=\"800\" height=\"533\" alt=\"Miniaturen - Edelstahl\" src=\"https:\/\/www.opalmotion.com\/wp-content\/uploads\/2021\/11\/Stainless-Steel-Miniature-Guide.jpg\" class=\"img-responsive wp-image-903\" srcset=\"https:\/\/www.opalmotion.com\/wp-content\/uploads\/2021\/11\/Stainless-Steel-Miniature-Guide-200x133.jpg 200w, https:\/\/www.opalmotion.com\/wp-content\/uploads\/2021\/11\/Stainless-Steel-Miniature-Guide-400x267.jpg 400w, https:\/\/www.opalmotion.com\/wp-content\/uploads\/2021\/11\/Stainless-Steel-Miniature-Guide-600x400.jpg 600w, https:\/\/www.opalmotion.com\/wp-content\/uploads\/2021\/11\/Stainless-Steel-Miniature-Guide.jpg 800w\" sizes=\"(max-width: 640px) 100vw, 800px\" \/><\/a><\/span><\/div><div ><a class=\"fusion-button button-flat button-small button-default fusion-button-default button-4 fusion-button-default-span fusion-button-default-type\" style=\"--button_margin-top:10px;--button_margin-bottom:10px;\" target=\"_self\" href=\"https:\/\/www.opalmotion.com\/de\/stainless-steel-miniature-guide\/\"><span class=\"fusion-button-text awb-button__text awb-button__text--default\">Mehr erfahren<\/span><i class=\"fa-angle-double-right fas awb-button__icon awb-button__icon--default button-icon-right\" aria-hidden=\"true\"><\/i><\/a><\/div><div class=\"fusion-text fusion-text-4\"><p>*Merkmal: Korrosionsbest\u00e4ndig*<\/p>\n<p>Linearf\u00fchrungsblock und Linearf\u00fchrungsschiene sind aus 440C Edelstahl gefertigt.<\/p>\n<p>Es gibt auch Optionen f\u00fcr Standard, breite und l\u00e4ngere Bl\u00f6cke. Es sind drei verschiedene Genauigkeitsgrade erh\u00e4ltlich: C, H und P-Grad.<\/p>\n<p>Diese Produkte sind in Industriestandardgr\u00f6\u00dfen von 3 mm bis 15 mm erh\u00e4ltlich. Schienenl\u00e4nge bis zu 1500 mm.<\/p>\n<\/div><\/div><\/div><div class=\"fusion-layout-column fusion_builder_column fusion-builder-column-4 fusion_builder_column_1_2 1_2 fusion-flex-column\" style=\"--awb-bg-size:cover;--awb-width-large:50%;--awb-margin-top-large:10px;--awb-spacing-right-large:3.84%;--awb-margin-bottom-large:10px;--awb-spacing-left-large:3.84%;--awb-width-medium:50%;--awb-order-medium:0;--awb-spacing-right-medium:3.84%;--awb-spacing-left-medium:3.84%;--awb-width-small:100%;--awb-order-small:0;--awb-spacing-right-small:1.92%;--awb-spacing-left-small:1.92%;\"><div class=\"fusion-column-wrapper fusion-column-has-shadow fusion-flex-justify-content-flex-start fusion-content-layout-column\"><div class=\"fusion-title title fusion-title-5 fusion-sep-none fusion-title-text fusion-title-size-two\" style=\"--awb-text-color:#1840b4;--awb-margin-top-small:10px;--awb-margin-right-small:0px;--awb-margin-bottom-small:10px;--awb-margin-left-small:0px;--awb-font-size:18px;\"><h2 class=\"fusion-title-heading title-heading-left\" style=\"margin:0;font-size:1em;\"><a href=\"https:\/\/www.opalmotion.com\/de\/roller-linear-guide\/\"><strong>Seitlich wegfahren.<\/strong><\/a><\/h2><\/div><div class=\"fusion-image-element\" style=\"--awb-caption-title-font-family:var(--h2_typography-font-family);--awb-caption-title-font-weight:var(--h2_typography-font-weight);--awb-caption-title-font-style:var(--h2_typography-font-style);--awb-caption-title-size:var(--h2_typography-font-size);--awb-caption-title-transform:var(--h2_typography-text-transform);--awb-caption-title-line-height:var(--h2_typography-line-height);--awb-caption-title-letter-spacing:var(--h2_typography-letter-spacing);\"><span class=\"fusion-imageframe imageframe-none imageframe-5 hover-type-zoomin\" style=\"border:4px solid #f4f6f9;\"><a class=\"fusion-no-lightbox\" href=\"https:\/\/www.opalmotion.com\/de\/roller-linear-guide\/\" target=\"_self\"><img decoding=\"async\" width=\"600\" height=\"450\" alt=\"Roller-Linear-Guide-Category\" src=\"https:\/\/www.opalmotion.com\/wp-content\/uploads\/2021\/07\/Roller-Linear-Guide-Category.jpg\" class=\"img-responsive wp-image-801\" srcset=\"https:\/\/www.opalmotion.com\/wp-content\/uploads\/2021\/07\/Roller-Linear-Guide-Category-200x150.jpg 200w, https:\/\/www.opalmotion.com\/wp-content\/uploads\/2021\/07\/Roller-Linear-Guide-Category-400x300.jpg 400w, https:\/\/www.opalmotion.com\/wp-content\/uploads\/2021\/07\/Roller-Linear-Guide-Category.jpg 600w\" sizes=\"(max-width: 640px) 100vw, 600px\" \/><\/a><\/span><\/div><div ><a class=\"fusion-button button-flat button-small button-default fusion-button-default button-5 fusion-button-default-span fusion-button-default-type\" style=\"--button_margin-top:10px;--button_margin-bottom:10px;\" target=\"_self\" href=\"https:\/\/www.opalmotion.com\/de\/roller-linear-guide\/\"><span class=\"fusion-button-text awb-button__text awb-button__text--default\">Mehr erfahren<\/span><i class=\"fa-angle-double-right fas awb-button__icon awb-button__icon--default button-icon-right\" aria-hidden=\"true\"><\/i><\/a><\/div><div class=\"fusion-text fusion-text-5\"><p>* status: abh\u00e4ngig Von RG, kr\u00e4ftig, stabil und genau geschnitten<\/p>\n<p>Die vorw\u00e4rtsf\u00fchrende fahrbahn wird Von einem seilzug als stotterger\u00e4t genutzt und nicht Von einem stahlball mit einem abstand Von 45 metern<\/p>\n<p>Der ball bietet einzelne kontaktpunkte an, w\u00e4hrend die rollerbahn ein gr\u00f6\u00dferes fadenkreuz anlegt. Dies f\u00fchrt zu einer h\u00f6heren tragkraft und einer geringeren abnutzung mit minimalem rollvorgang.<\/p>\n<p>Streicheln Von streichh\u00f6lzern mit der gr\u00f6sse H und P und mit der qualit\u00e4t H, die getauscht Oder kompatibel ist.<\/p>\n<p>Die perfekte industrie, z. B. ertrinken in plastik - Oder materialspritzen, wird Von werten mit hoher pr\u00e4zision hergestellt und die lebensdauer Von werkzeugmaschinen gr\u00f6\u00dftenteils unbegrenzt sein.<\/p>\n<\/div><\/div><\/div><\/div><\/div>","protected":false},"excerpt":{"rendered":"","protected":false},"author":1,"featured_media":0,"parent":0,"menu_order":0,"comment_status":"closed","ping_status":"closed","template":"","meta":{"footnotes":""},"class_list":["post-145","page","type-page","status-publish","hentry"],"yoast_head":"<!-- This site is optimized with the Yoast SEO plugin v27.4 - https:\/\/yoast.com\/product\/yoast-seo-wordpress\/ -->\n<title>Linear Guides - LTROBOT<\/title>\n<meta name=\"robots\" content=\"index, follow, max-snippet:-1, max-image-preview:large, max-video-preview:-1\" \/>\n<link rel=\"canonical\" href=\"https:\/\/www.opalmotion.com\/de\/linear-guides\/\" \/>\n<meta property=\"og:locale\" content=\"de_DE\" \/>\n<meta property=\"og:type\" content=\"article\" \/>\n<meta property=\"og:title\" content=\"Linear Guides - LTROBOT\" \/>\n<meta property=\"og:url\" content=\"https:\/\/www.opalmotion.com\/de\/linear-guides\/\" \/>\n<meta property=\"og:site_name\" content=\"LTROBOT\" \/>\n<meta property=\"article:modified_time\" content=\"2021-12-31T10:22:31+00:00\" \/>\n<meta name=\"twitter:card\" content=\"summary_large_image\" \/>\n<meta name=\"twitter:label1\" content=\"Gesch\u00e4tzte Lesezeit\" \/>\n\t<meta name=\"twitter:data1\" content=\"6\u00a0Minuten\" \/>\n<script type=\"application\/ld+json\" class=\"yoast-schema-graph\">{\"@context\":\"https:\\\/\\\/schema.org\",\"@graph\":[{\"@type\":\"WebPage\",\"@id\":\"https:\\\/\\\/www.opalmotion.com\\\/linear-guides\\\/\",\"url\":\"https:\\\/\\\/www.opalmotion.com\\\/linear-guides\\\/\",\"name\":\"Linear Guides - LTROBOT\",\"isPartOf\":{\"@id\":\"https:\\\/\\\/www.opalmotion.com\\\/ja\\\/#website\"},\"datePublished\":\"2021-02-08T02:18:54+00:00\",\"dateModified\":\"2021-12-31T10:22:31+00:00\",\"breadcrumb\":{\"@id\":\"https:\\\/\\\/www.opalmotion.com\\\/linear-guides\\\/#breadcrumb\"},\"inLanguage\":\"de\",\"potentialAction\":[{\"@type\":\"ReadAction\",\"target\":[\"https:\\\/\\\/www.opalmotion.com\\\/linear-guides\\\/\"]}]},{\"@type\":\"BreadcrumbList\",\"@id\":\"https:\\\/\\\/www.opalmotion.com\\\/linear-guides\\\/#breadcrumb\",\"itemListElement\":[{\"@type\":\"ListItem\",\"position\":1,\"name\":\"Home\",\"item\":\"https:\\\/\\\/www.opalmotion.com\\\/\"},{\"@type\":\"ListItem\",\"position\":2,\"name\":\"Linear Guides\"}]},{\"@type\":\"WebSite\",\"@id\":\"https:\\\/\\\/www.opalmotion.com\\\/ja\\\/#website\",\"url\":\"https:\\\/\\\/www.opalmotion.com\\\/ja\\\/\",\"name\":\"LTROBOT\",\"description\":\"\",\"potentialAction\":[{\"@type\":\"SearchAction\",\"target\":{\"@type\":\"EntryPoint\",\"urlTemplate\":\"https:\\\/\\\/www.opalmotion.com\\\/ja\\\/?s={search_term_string}\"},\"query-input\":{\"@type\":\"PropertyValueSpecification\",\"valueRequired\":true,\"valueName\":\"search_term_string\"}}],\"inLanguage\":\"de\"}]}<\/script>\n<!-- \/ Yoast SEO plugin. -->","yoast_head_json":{"title":"Linear Guides - LTROBOT","robots":{"index":"index","follow":"follow","max-snippet":"max-snippet:-1","max-image-preview":"max-image-preview:large","max-video-preview":"max-video-preview:-1"},"canonical":"https:\/\/www.opalmotion.com\/de\/linear-guides\/","og_locale":"de_DE","og_type":"article","og_title":"Linear Guides - LTROBOT","og_url":"https:\/\/www.opalmotion.com\/de\/linear-guides\/","og_site_name":"LTROBOT","article_modified_time":"2021-12-31T10:22:31+00:00","twitter_card":"summary_large_image","twitter_misc":{"Gesch\u00e4tzte Lesezeit":"6\u00a0Minuten"},"schema":{"@context":"https:\/\/schema.org","@graph":[{"@type":"WebPage","@id":"https:\/\/www.opalmotion.com\/linear-guides\/","url":"https:\/\/www.opalmotion.com\/linear-guides\/","name":"Linear Guides - LTROBOT","isPartOf":{"@id":"https:\/\/www.opalmotion.com\/ja\/#website"},"datePublished":"2021-02-08T02:18:54+00:00","dateModified":"2021-12-31T10:22:31+00:00","breadcrumb":{"@id":"https:\/\/www.opalmotion.com\/linear-guides\/#breadcrumb"},"inLanguage":"de","potentialAction":[{"@type":"ReadAction","target":["https:\/\/www.opalmotion.com\/linear-guides\/"]}]},{"@type":"BreadcrumbList","@id":"https:\/\/www.opalmotion.com\/linear-guides\/#breadcrumb","itemListElement":[{"@type":"ListItem","position":1,"name":"Home","item":"https:\/\/www.opalmotion.com\/"},{"@type":"ListItem","position":2,"name":"Linear Guides"}]},{"@type":"WebSite","@id":"https:\/\/www.opalmotion.com\/ja\/#website","url":"https:\/\/www.opalmotion.com\/ja\/","name":"LTROBOT","description":"","potentialAction":[{"@type":"SearchAction","target":{"@type":"EntryPoint","urlTemplate":"https:\/\/www.opalmotion.com\/ja\/?s={search_term_string}"},"query-input":{"@type":"PropertyValueSpecification","valueRequired":true,"valueName":"search_term_string"}}],"inLanguage":"de"}]}},"_links":{"self":[{"href":"https:\/\/www.opalmotion.com\/de\/wp-json\/wp\/v2\/pages\/145","targetHints":{"allow":["GET"]}}],"collection":[{"href":"https:\/\/www.opalmotion.com\/de\/wp-json\/wp\/v2\/pages"}],"about":[{"href":"https:\/\/www.opalmotion.com\/de\/wp-json\/wp\/v2\/types\/page"}],"author":[{"embeddable":true,"href":"https:\/\/www.opalmotion.com\/de\/wp-json\/wp\/v2\/users\/1"}],"replies":[{"embeddable":true,"href":"https:\/\/www.opalmotion.com\/de\/wp-json\/wp\/v2\/comments?post=145"}],"version-history":[{"count":23,"href":"https:\/\/www.opalmotion.com\/de\/wp-json\/wp\/v2\/pages\/145\/revisions"}],"predecessor-version":[{"id":968,"href":"https:\/\/www.opalmotion.com\/de\/wp-json\/wp\/v2\/pages\/145\/revisions\/968"}],"wp:attachment":[{"href":"https:\/\/www.opalmotion.com\/de\/wp-json\/wp\/v2\/media?parent=145"}],"curies":[{"name":"wp","href":"https:\/\/api.w.org\/{rel}","templated":true}]}}