{"id":145,"date":"2021-02-08T02:18:54","date_gmt":"2021-02-08T02:18:54","guid":{"rendered":"https:\/\/www.opalmotion.com\/?page_id=145"},"modified":"2021-12-31T10:22:31","modified_gmt":"2021-12-31T10:22:31","slug":"linear-guides","status":"publish","type":"page","link":"https:\/\/www.opalmotion.com\/es\/linear-guides\/","title":{"rendered":"Gu\u00edas lineales"},"content":{"rendered":"<div class=\"fusion-fullwidth fullwidth-box fusion-builder-row-1 fusion-flex-container nonhundred-percent-fullwidth non-hundred-percent-height-scrolling\" style=\"--awb-border-radius-top-left:0px;--awb-border-radius-top-right:0px;--awb-border-radius-bottom-right:0px;--awb-border-radius-bottom-left:0px;--awb-flex-wrap:wrap;\" ><div class=\"fusion-builder-row fusion-row fusion-flex-align-items-flex-start fusion-flex-content-wrap\" style=\"max-width:1539.2px;margin-left: calc(-4% \/ 2 );margin-right: calc(-4% \/ 2 );\"><div class=\"fusion-layout-column fusion_builder_column fusion-builder-column-0 fusion_builder_column_1_2 1_2 fusion-flex-column\" style=\"--awb-bg-size:cover;--awb-width-large:50%;--awb-margin-top-large:10px;--awb-spacing-right-large:3.84%;--awb-margin-bottom-large:10px;--awb-spacing-left-large:3.84%;--awb-width-medium:50%;--awb-order-medium:0;--awb-spacing-right-medium:3.84%;--awb-spacing-left-medium:3.84%;--awb-width-small:100%;--awb-order-small:0;--awb-spacing-right-small:1.92%;--awb-spacing-left-small:1.92%;\"><div class=\"fusion-column-wrapper fusion-column-has-shadow fusion-flex-justify-content-flex-start fusion-content-layout-column\"><div class=\"fusion-title title fusion-title-1 fusion-sep-none fusion-title-text fusion-title-size-two\" style=\"--awb-text-color:#1840b4;--awb-margin-top-small:10px;--awb-margin-right-small:0px;--awb-margin-bottom-small:10px;--awb-margin-left-small:0px;--awb-font-size:18px;\"><h2 class=\"fusion-title-heading title-heading-left\" style=\"margin:0;font-size:1em;\"><a href=\"https:\/\/www.opalmotion.com\/es\/sg-high-capacity-linear-guide\/\"><strong>Serie SG\u00a0<\/strong><\/a><\/h2><\/div><div class=\"fusion-image-element\" style=\"--awb-caption-title-font-family:var(--h2_typography-font-family);--awb-caption-title-font-weight:var(--h2_typography-font-weight);--awb-caption-title-font-style:var(--h2_typography-font-style);--awb-caption-title-size:var(--h2_typography-font-size);--awb-caption-title-transform:var(--h2_typography-text-transform);--awb-caption-title-line-height:var(--h2_typography-line-height);--awb-caption-title-letter-spacing:var(--h2_typography-letter-spacing);\"><span class=\"fusion-imageframe imageframe-none imageframe-1 hover-type-zoomin\" style=\"border:4px solid #f4f6f9;\"><a class=\"fusion-no-lightbox\" href=\"https:\/\/www.opalmotion.com\/es\/sg-high-capacity-linear-guide\/\" target=\"_self\"><img decoding=\"async\" width=\"600\" height=\"450\" alt=\"1. SG high capacity linear guide\" src=\"https:\/\/www.opalmotion.com\/wp-content\/uploads\/2021\/02\/1.-SG-high-capacity-linear-guide.jpg\" class=\"img-responsive wp-image-87\" srcset=\"https:\/\/www.opalmotion.com\/wp-content\/uploads\/2021\/02\/1.-SG-high-capacity-linear-guide-200x150.jpg 200w, https:\/\/www.opalmotion.com\/wp-content\/uploads\/2021\/02\/1.-SG-high-capacity-linear-guide-400x300.jpg 400w, https:\/\/www.opalmotion.com\/wp-content\/uploads\/2021\/02\/1.-SG-high-capacity-linear-guide.jpg 600w\" sizes=\"(max-width: 640px) 100vw, 600px\" \/><\/a><\/span><\/div><div ><a class=\"fusion-button button-flat button-small button-default fusion-button-default button-1 fusion-button-default-span fusion-button-default-type\" style=\"--button_margin-top:10px;--button_margin-bottom:10px;\" target=\"_self\" href=\"https:\/\/www.opalmotion.com\/es\/sg-high-capacity-linear-guide\/\"><span class=\"fusion-button-text awb-button__text awb-button__text--default\">M\u00e1s informaci\u00f3n<\/span><i class=\"fa-angle-double-right fas awb-button__icon awb-button__icon--default button-icon-right\" aria-hidden=\"true\"><\/i><\/a><\/div><div class=\"fusion-text fusion-text-1\"><p>*Caracter\u00edstica : Carga superpesada, a prueba de polvo. Por ejemplo, nuestro molinillo est\u00e1 utilizando esta serie.*<\/p>\n<p>Las gu\u00edas lineales de la serie SG tienen capacidades de carga de momento superiores a las de la serie LDH est\u00e1ndar.<\/p>\n<p>La configuraci\u00f3n de rodamientos de tipo O (apareados) y una unidad de recirculaci\u00f3n integrada optimizan la circulaci\u00f3n de los rodamientos, mejorando considerablemente las capacidades de carga de momento y promoviendo un movimiento suave.<\/p>\n<p>Una tira de cubierta de acero inoxidable opcional aumenta la protecci\u00f3n contra el polvo y promueve una transici\u00f3n suave del bloque.<\/p>\n<\/div><\/div><\/div><div class=\"fusion-layout-column fusion_builder_column fusion-builder-column-1 fusion_builder_column_1_2 1_2 fusion-flex-column\" style=\"--awb-bg-size:cover;--awb-width-large:50%;--awb-margin-top-large:10px;--awb-spacing-right-large:3.84%;--awb-margin-bottom-large:10px;--awb-spacing-left-large:3.84%;--awb-width-medium:50%;--awb-order-medium:0;--awb-spacing-right-medium:3.84%;--awb-spacing-left-medium:3.84%;--awb-width-small:100%;--awb-order-small:0;--awb-spacing-right-small:1.92%;--awb-spacing-left-small:1.92%;\"><div class=\"fusion-column-wrapper fusion-column-has-shadow fusion-flex-justify-content-flex-start fusion-content-layout-column\"><div class=\"fusion-title title fusion-title-2 fusion-sep-none fusion-title-text fusion-title-size-two\" style=\"--awb-text-color:#1840b4;--awb-margin-top-small:10px;--awb-margin-right-small:0px;--awb-margin-bottom-small:10px;--awb-margin-left-small:0px;--awb-font-size:18px;\"><h2 class=\"fusion-title-heading title-heading-left\" style=\"margin:0;font-size:1em;\"><a href=\"https:\/\/www.opalmotion.com\/es\/ldh-standard-linear-guides\/\"><strong>Serie LDH<\/strong><\/a><\/h2><\/div><div class=\"fusion-image-element\" style=\"--awb-caption-title-font-family:var(--h2_typography-font-family);--awb-caption-title-font-weight:var(--h2_typography-font-weight);--awb-caption-title-font-style:var(--h2_typography-font-style);--awb-caption-title-size:var(--h2_typography-font-size);--awb-caption-title-transform:var(--h2_typography-text-transform);--awb-caption-title-line-height:var(--h2_typography-line-height);--awb-caption-title-letter-spacing:var(--h2_typography-letter-spacing);\"><span class=\"fusion-imageframe imageframe-none imageframe-2 hover-type-zoomin\" style=\"border:4px solid #f4f6f9;\"><a class=\"fusion-no-lightbox\" href=\"https:\/\/www.opalmotion.com\/es\/ldh-standard-linear-guides\/\" target=\"_self\"><img decoding=\"async\" width=\"600\" height=\"450\" alt=\"2. LDH standard linear guides\" src=\"https:\/\/www.opalmotion.com\/wp-content\/uploads\/2021\/02\/2.-LDH-standard-linear-guides.jpg\" class=\"img-responsive wp-image-88\" srcset=\"https:\/\/www.opalmotion.com\/wp-content\/uploads\/2021\/02\/2.-LDH-standard-linear-guides-200x150.jpg 200w, https:\/\/www.opalmotion.com\/wp-content\/uploads\/2021\/02\/2.-LDH-standard-linear-guides-400x300.jpg 400w, https:\/\/www.opalmotion.com\/wp-content\/uploads\/2021\/02\/2.-LDH-standard-linear-guides.jpg 600w\" sizes=\"(max-width: 640px) 100vw, 600px\" \/><\/a><\/span><\/div><div ><a class=\"fusion-button button-flat button-small button-default fusion-button-default button-2 fusion-button-default-span fusion-button-default-type\" style=\"--button_margin-top:10px;--button_margin-bottom:10px;\" target=\"_self\" href=\"https:\/\/www.opalmotion.com\/es\/ldh-standard-linear-guides\/\"><span class=\"fusion-button-text awb-button__text awb-button__text--default\">M\u00e1s informaci\u00f3n<\/span><i class=\"fa-angle-double-right fas awb-button__icon awb-button__icon--default button-icon-right\" aria-hidden=\"true\"><\/i><\/a><\/div><div class=\"fusion-text fusion-text-2\"><p>*Caracter\u00edstica: Intercambiable con HG, compatible con la mayor\u00eda de las otras marcas.\nAmpliamente utilizado por diversas industrias.*<\/p>\n<p>Los bloques y rieles de gu\u00eda lineal est\u00e1ndar tienen un precio competitivo y una calidad razonable. Son adecuados para aplicaciones menos exigentes y se pueden intercambiar con productos HG con bloque lineal y rieles de gu\u00eda lineales fabricados en precisi\u00f3n C-normal, cero, ligera y alta precarga.<\/p>\n<\/div><\/div><\/div><div class=\"fusion-layout-column fusion_builder_column fusion-builder-column-2 fusion_builder_column_1_2 1_2 fusion-flex-column\" style=\"--awb-bg-size:cover;--awb-width-large:50%;--awb-margin-top-large:10px;--awb-spacing-right-large:3.84%;--awb-margin-bottom-large:10px;--awb-spacing-left-large:3.84%;--awb-width-medium:50%;--awb-order-medium:0;--awb-spacing-right-medium:3.84%;--awb-spacing-left-medium:3.84%;--awb-width-small:100%;--awb-order-small:0;--awb-spacing-right-small:1.92%;--awb-spacing-left-small:1.92%;\"><div class=\"fusion-column-wrapper fusion-column-has-shadow fusion-flex-justify-content-flex-start fusion-content-layout-column\"><div class=\"fusion-title title fusion-title-3 fusion-sep-none fusion-title-text fusion-title-size-two\" style=\"--awb-text-color:#1840b4;--awb-margin-top-small:10px;--awb-margin-right-small:0px;--awb-margin-bottom-small:10px;--awb-margin-left-small:0px;--awb-font-size:18px;\"><h2 class=\"fusion-title-heading title-heading-left\" style=\"margin:0;font-size:1em;\"><a href=\"https:\/\/www.opalmotion.com\/es\/miniature-linear-guide\/\"><strong>Serie LDM Miniaturas\u00a0<\/strong><\/a><\/h2><\/div><div class=\"fusion-image-element\" style=\"--awb-caption-title-font-family:var(--h2_typography-font-family);--awb-caption-title-font-weight:var(--h2_typography-font-weight);--awb-caption-title-font-style:var(--h2_typography-font-style);--awb-caption-title-size:var(--h2_typography-font-size);--awb-caption-title-transform:var(--h2_typography-text-transform);--awb-caption-title-line-height:var(--h2_typography-line-height);--awb-caption-title-letter-spacing:var(--h2_typography-letter-spacing);\"><span class=\"fusion-imageframe imageframe-none imageframe-3 hover-type-zoomin\" style=\"border:4px solid #f4f6f9;\"><a class=\"fusion-no-lightbox\" href=\"https:\/\/www.opalmotion.com\/es\/miniature-linear-guide\/\" target=\"_self\"><img decoding=\"async\" width=\"800\" height=\"533\" alt=\"Serie LDM Miniaturas\" src=\"https:\/\/www.opalmotion.com\/wp-content\/uploads\/2021\/11\/Miniatures.jpg\" class=\"img-responsive wp-image-883\" srcset=\"https:\/\/www.opalmotion.com\/wp-content\/uploads\/2021\/11\/Miniatures-200x133.jpg 200w, https:\/\/www.opalmotion.com\/wp-content\/uploads\/2021\/11\/Miniatures-400x267.jpg 400w, https:\/\/www.opalmotion.com\/wp-content\/uploads\/2021\/11\/Miniatures-600x400.jpg 600w, https:\/\/www.opalmotion.com\/wp-content\/uploads\/2021\/11\/Miniatures.jpg 800w\" sizes=\"(max-width: 640px) 100vw, 800px\" \/><\/a><\/span><\/div><div ><a class=\"fusion-button button-flat button-small button-default fusion-button-default button-3 fusion-button-default-span fusion-button-default-type\" style=\"--button_margin-top:10px;--button_margin-bottom:10px;\" target=\"_self\" href=\"https:\/\/www.opalmotion.com\/es\/miniature-linear-guide\/\"><span class=\"fusion-button-text awb-button__text awb-button__text--default\">M\u00e1s informaci\u00f3n<\/span><i class=\"fa-angle-double-right fas awb-button__icon awb-button__icon--default button-icon-right\" aria-hidden=\"true\"><\/i><\/a><\/div><div class=\"fusion-text fusion-text-3\"><p>*Caracter\u00edstica LDM: Intercambiable con MGN, compatible con la mayor\u00eda de las otras marcas.*<\/p>\n<p>La gu\u00eda lineal en miniatura proporciona una gu\u00eda de precisi\u00f3n de baja fricci\u00f3n de las precargas para aplicaciones de m\u00e1quinas e instrumentos. Se pueden montar uno o varios bloques de rodamientos en un riel de gu\u00eda lineal.<\/p>\n<p>Tambi\u00e9n hay opciones para bloque est\u00e1ndar, ancho y m\u00e1s largo. Hay disponibles tres grados de precisi\u00f3n diferentes: grado C, H grade y grado P.<\/p>\n<p>Estos productos est\u00e1n disponibles en tama\u00f1os est\u00e1ndar de la industria desde el tama\u00f1o 7 hasta el tama\u00f1o 15. Longitud del rial de hasta 2000 mm de largo.<\/p>\n<\/div><\/div><\/div><div class=\"fusion-layout-column fusion_builder_column fusion-builder-column-3 fusion_builder_column_1_2 1_2 fusion-flex-column\" style=\"--awb-bg-size:cover;--awb-width-large:50%;--awb-margin-top-large:10px;--awb-spacing-right-large:3.84%;--awb-margin-bottom-large:10px;--awb-spacing-left-large:3.84%;--awb-width-medium:50%;--awb-order-medium:0;--awb-spacing-right-medium:3.84%;--awb-spacing-left-medium:3.84%;--awb-width-small:100%;--awb-order-small:0;--awb-spacing-right-small:1.92%;--awb-spacing-left-small:1.92%;\"><div class=\"fusion-column-wrapper fusion-column-has-shadow fusion-flex-justify-content-flex-start fusion-content-layout-column\"><div class=\"fusion-title title fusion-title-4 fusion-sep-none fusion-title-text fusion-title-size-two\" style=\"--awb-text-color:#1840b4;--awb-margin-top-small:10px;--awb-margin-right-small:0px;--awb-margin-bottom-small:10px;--awb-margin-left-small:0px;--awb-font-size:18px;\"><h2 class=\"fusion-title-heading title-heading-left\" style=\"margin:0;font-size:1em;\"><a href=\"https:\/\/www.opalmotion.com\/es\/stainless-steel-miniature-guide\/\"><strong>Serie LDM Miniaturas - Acero inoxidable<\/strong><\/a><\/h2><\/div><div class=\"fusion-image-element\" style=\"--awb-caption-title-font-family:var(--h2_typography-font-family);--awb-caption-title-font-weight:var(--h2_typography-font-weight);--awb-caption-title-font-style:var(--h2_typography-font-style);--awb-caption-title-size:var(--h2_typography-font-size);--awb-caption-title-transform:var(--h2_typography-text-transform);--awb-caption-title-line-height:var(--h2_typography-line-height);--awb-caption-title-letter-spacing:var(--h2_typography-letter-spacing);\"><span class=\"fusion-imageframe imageframe-none imageframe-4 hover-type-zoomin\" style=\"border:4px solid #f4f6f9;\"><a class=\"fusion-no-lightbox\" href=\"https:\/\/www.opalmotion.com\/es\/stainless-steel-miniature-guide\/\" target=\"_self\"><img decoding=\"async\" width=\"800\" height=\"533\" alt=\"Miniaturas: acero inoxidable\" src=\"https:\/\/www.opalmotion.com\/wp-content\/uploads\/2021\/11\/Stainless-Steel-Miniature-Guide.jpg\" class=\"img-responsive wp-image-903\" srcset=\"https:\/\/www.opalmotion.com\/wp-content\/uploads\/2021\/11\/Stainless-Steel-Miniature-Guide-200x133.jpg 200w, https:\/\/www.opalmotion.com\/wp-content\/uploads\/2021\/11\/Stainless-Steel-Miniature-Guide-400x267.jpg 400w, https:\/\/www.opalmotion.com\/wp-content\/uploads\/2021\/11\/Stainless-Steel-Miniature-Guide-600x400.jpg 600w, https:\/\/www.opalmotion.com\/wp-content\/uploads\/2021\/11\/Stainless-Steel-Miniature-Guide.jpg 800w\" sizes=\"(max-width: 640px) 100vw, 800px\" \/><\/a><\/span><\/div><div ><a class=\"fusion-button button-flat button-small button-default fusion-button-default button-4 fusion-button-default-span fusion-button-default-type\" style=\"--button_margin-top:10px;--button_margin-bottom:10px;\" target=\"_self\" href=\"https:\/\/www.opalmotion.com\/es\/stainless-steel-miniature-guide\/\"><span class=\"fusion-button-text awb-button__text awb-button__text--default\">M\u00e1s informaci\u00f3n<\/span><i class=\"fa-angle-double-right fas awb-button__icon awb-button__icon--default button-icon-right\" aria-hidden=\"true\"><\/i><\/a><\/div><div class=\"fusion-text fusion-text-4\"><p>*Caracter\u00edstica: Resistente a la corrosi\u00f3n*<\/p>\n<p>El bloque de gu\u00eda lineal y el riel de gu\u00eda lineal est\u00e1n hechos de acero inoxidable 440C.<\/p>\n<p>Tambi\u00e9n hay opciones para bloque est\u00e1ndar, ancho y m\u00e1s largo. Hay disponibles tres grados de precisi\u00f3n diferentes: grado C, H grade y grado P.<\/p>\n<p>Estos productos est\u00e1n disponibles en tama\u00f1os est\u00e1ndar de la industria desde el tama\u00f1o 3 mm hasta el tama\u00f1o 15 mm. Longitud del rial de hasta 1500 mm de largo.<\/p>\n<\/div><\/div><\/div><div class=\"fusion-layout-column fusion_builder_column fusion-builder-column-4 fusion_builder_column_1_2 1_2 fusion-flex-column\" style=\"--awb-bg-size:cover;--awb-width-large:50%;--awb-margin-top-large:10px;--awb-spacing-right-large:3.84%;--awb-margin-bottom-large:10px;--awb-spacing-left-large:3.84%;--awb-width-medium:50%;--awb-order-medium:0;--awb-spacing-right-medium:3.84%;--awb-spacing-left-medium:3.84%;--awb-width-small:100%;--awb-order-small:0;--awb-spacing-right-small:1.92%;--awb-spacing-left-small:1.92%;\"><div class=\"fusion-column-wrapper fusion-column-has-shadow fusion-flex-justify-content-flex-start fusion-content-layout-column\"><div class=\"fusion-title title fusion-title-5 fusion-sep-none fusion-title-text fusion-title-size-two\" style=\"--awb-text-color:#1840b4;--awb-margin-top-small:10px;--awb-margin-right-small:0px;--awb-margin-bottom-small:10px;--awb-margin-left-small:0px;--awb-font-size:18px;\"><h2 class=\"fusion-title-heading title-heading-left\" style=\"margin:0;font-size:1em;\"><a href=\"https:\/\/www.opalmotion.com\/es\/roller-linear-guide\/\"><strong>Rodando gu\u00edas lineales<\/strong><\/a><\/h2><\/div><div class=\"fusion-image-element\" style=\"--awb-caption-title-font-family:var(--h2_typography-font-family);--awb-caption-title-font-weight:var(--h2_typography-font-weight);--awb-caption-title-font-style:var(--h2_typography-font-style);--awb-caption-title-size:var(--h2_typography-font-size);--awb-caption-title-transform:var(--h2_typography-text-transform);--awb-caption-title-line-height:var(--h2_typography-line-height);--awb-caption-title-letter-spacing:var(--h2_typography-letter-spacing);\"><span class=\"fusion-imageframe imageframe-none imageframe-5 hover-type-zoomin\" style=\"border:4px solid #f4f6f9;\"><a class=\"fusion-no-lightbox\" href=\"https:\/\/www.opalmotion.com\/es\/roller-linear-guide\/\" target=\"_self\"><img decoding=\"async\" width=\"600\" height=\"450\" alt=\"Roller-Linear-Guide-Category\" src=\"https:\/\/www.opalmotion.com\/wp-content\/uploads\/2021\/07\/Roller-Linear-Guide-Category.jpg\" class=\"img-responsive wp-image-801\" srcset=\"https:\/\/www.opalmotion.com\/wp-content\/uploads\/2021\/07\/Roller-Linear-Guide-Category-200x150.jpg 200w, https:\/\/www.opalmotion.com\/wp-content\/uploads\/2021\/07\/Roller-Linear-Guide-Category-400x300.jpg 400w, https:\/\/www.opalmotion.com\/wp-content\/uploads\/2021\/07\/Roller-Linear-Guide-Category.jpg 600w\" sizes=\"(max-width: 640px) 100vw, 600px\" \/><\/a><\/span><\/div><div ><a class=\"fusion-button button-flat button-small button-default fusion-button-default button-5 fusion-button-default-span fusion-button-default-type\" style=\"--button_margin-top:10px;--button_margin-bottom:10px;\" target=\"_self\" href=\"https:\/\/www.opalmotion.com\/es\/roller-linear-guide\/\"><span class=\"fusion-button-text awb-button__text awb-button__text--default\">M\u00e1s informaci\u00f3n<\/span><i class=\"fa-angle-double-right fas awb-button__icon awb-button__icon--default button-icon-right\" aria-hidden=\"true\"><\/i><\/a><\/div><div class=\"fusion-text fusion-text-5\"><p>* caracter\u00edstica: intercambiable con RG, alta rigidez, buen equilibrio de carga, alta precisi\u00f3n<\/p>\n<p>Las gu\u00edas lineales de rodillos de la serie SR utilizan rodillos como elementos rodantes en lugar de bolas de acero. Cada fila de bolas de acero tiene un \u00e1ngulo de contacto de 45<\/p>\n<p>Las bolas proporcionan un \u00e1rea de contacto de un solo punto, mientras que los rodillos proporcionan un \u00e1rea de contacto de l\u00ednea m\u00e1s grande. El resultado es una mayor capacidad de carga y un menor desgaste con una fricci\u00f3n de rodadura m\u00ednima.<\/p>\n<p>Las gu\u00edas de rodillos est\u00e1n disponibles en las clases de precisi\u00f3n H y P y son intercambiables o compatibles con las clases de precisi\u00f3n est\u00e1ndar H.<\/p>\n<p>Las gu\u00edas lineales de rodillos SR ofrecen un alto rendimiento para la fabricaci\u00f3n de alta precisi\u00f3n y lograr una vida \u00fatil m\u00e1s larga. Son ideales para industrias como m\u00e1quinas herramienta, automatizaci\u00f3n, moldeo por inyecci\u00f3n de pl\u00e1stico o manejo de materiales.<\/p>\n<\/div><\/div><\/div><\/div><\/div>","protected":false},"excerpt":{"rendered":"","protected":false},"author":1,"featured_media":0,"parent":0,"menu_order":0,"comment_status":"closed","ping_status":"closed","template":"","meta":{"footnotes":""},"class_list":["post-145","page","type-page","status-publish","hentry"],"yoast_head":"<!-- This site is optimized with the Yoast SEO plugin v27.4 - https:\/\/yoast.com\/product\/yoast-seo-wordpress\/ -->\n<title>Linear Guides - LTROBOT<\/title>\n<meta name=\"robots\" content=\"index, follow, max-snippet:-1, max-image-preview:large, max-video-preview:-1\" \/>\n<link rel=\"canonical\" href=\"https:\/\/www.opalmotion.com\/es\/linear-guides\/\" \/>\n<meta property=\"og:locale\" content=\"es_ES\" \/>\n<meta property=\"og:type\" content=\"article\" \/>\n<meta property=\"og:title\" content=\"Linear Guides - LTROBOT\" \/>\n<meta property=\"og:url\" content=\"https:\/\/www.opalmotion.com\/es\/linear-guides\/\" \/>\n<meta property=\"og:site_name\" content=\"LTROBOT\" \/>\n<meta property=\"article:modified_time\" content=\"2021-12-31T10:22:31+00:00\" \/>\n<meta name=\"twitter:card\" content=\"summary_large_image\" \/>\n<meta name=\"twitter:label1\" content=\"Tiempo de lectura\" \/>\n\t<meta name=\"twitter:data1\" content=\"6 minutos\" \/>\n<script type=\"application\/ld+json\" class=\"yoast-schema-graph\">{\"@context\":\"https:\\\/\\\/schema.org\",\"@graph\":[{\"@type\":\"WebPage\",\"@id\":\"https:\\\/\\\/www.opalmotion.com\\\/linear-guides\\\/\",\"url\":\"https:\\\/\\\/www.opalmotion.com\\\/linear-guides\\\/\",\"name\":\"Linear Guides - LTROBOT\",\"isPartOf\":{\"@id\":\"https:\\\/\\\/www.opalmotion.com\\\/ja\\\/#website\"},\"datePublished\":\"2021-02-08T02:18:54+00:00\",\"dateModified\":\"2021-12-31T10:22:31+00:00\",\"breadcrumb\":{\"@id\":\"https:\\\/\\\/www.opalmotion.com\\\/linear-guides\\\/#breadcrumb\"},\"inLanguage\":\"es\",\"potentialAction\":[{\"@type\":\"ReadAction\",\"target\":[\"https:\\\/\\\/www.opalmotion.com\\\/linear-guides\\\/\"]}]},{\"@type\":\"BreadcrumbList\",\"@id\":\"https:\\\/\\\/www.opalmotion.com\\\/linear-guides\\\/#breadcrumb\",\"itemListElement\":[{\"@type\":\"ListItem\",\"position\":1,\"name\":\"Home\",\"item\":\"https:\\\/\\\/www.opalmotion.com\\\/\"},{\"@type\":\"ListItem\",\"position\":2,\"name\":\"Linear Guides\"}]},{\"@type\":\"WebSite\",\"@id\":\"https:\\\/\\\/www.opalmotion.com\\\/ja\\\/#website\",\"url\":\"https:\\\/\\\/www.opalmotion.com\\\/ja\\\/\",\"name\":\"LTROBOT\",\"description\":\"\",\"potentialAction\":[{\"@type\":\"SearchAction\",\"target\":{\"@type\":\"EntryPoint\",\"urlTemplate\":\"https:\\\/\\\/www.opalmotion.com\\\/ja\\\/?s={search_term_string}\"},\"query-input\":{\"@type\":\"PropertyValueSpecification\",\"valueRequired\":true,\"valueName\":\"search_term_string\"}}],\"inLanguage\":\"es\"}]}<\/script>\n<!-- \/ Yoast SEO plugin. -->","yoast_head_json":{"title":"Linear Guides - LTROBOT","robots":{"index":"index","follow":"follow","max-snippet":"max-snippet:-1","max-image-preview":"max-image-preview:large","max-video-preview":"max-video-preview:-1"},"canonical":"https:\/\/www.opalmotion.com\/es\/linear-guides\/","og_locale":"es_ES","og_type":"article","og_title":"Linear Guides - LTROBOT","og_url":"https:\/\/www.opalmotion.com\/es\/linear-guides\/","og_site_name":"LTROBOT","article_modified_time":"2021-12-31T10:22:31+00:00","twitter_card":"summary_large_image","twitter_misc":{"Tiempo de lectura":"6 minutos"},"schema":{"@context":"https:\/\/schema.org","@graph":[{"@type":"WebPage","@id":"https:\/\/www.opalmotion.com\/linear-guides\/","url":"https:\/\/www.opalmotion.com\/linear-guides\/","name":"Linear Guides - LTROBOT","isPartOf":{"@id":"https:\/\/www.opalmotion.com\/ja\/#website"},"datePublished":"2021-02-08T02:18:54+00:00","dateModified":"2021-12-31T10:22:31+00:00","breadcrumb":{"@id":"https:\/\/www.opalmotion.com\/linear-guides\/#breadcrumb"},"inLanguage":"es","potentialAction":[{"@type":"ReadAction","target":["https:\/\/www.opalmotion.com\/linear-guides\/"]}]},{"@type":"BreadcrumbList","@id":"https:\/\/www.opalmotion.com\/linear-guides\/#breadcrumb","itemListElement":[{"@type":"ListItem","position":1,"name":"Home","item":"https:\/\/www.opalmotion.com\/"},{"@type":"ListItem","position":2,"name":"Linear Guides"}]},{"@type":"WebSite","@id":"https:\/\/www.opalmotion.com\/ja\/#website","url":"https:\/\/www.opalmotion.com\/ja\/","name":"LTROBOT","description":"","potentialAction":[{"@type":"SearchAction","target":{"@type":"EntryPoint","urlTemplate":"https:\/\/www.opalmotion.com\/ja\/?s={search_term_string}"},"query-input":{"@type":"PropertyValueSpecification","valueRequired":true,"valueName":"search_term_string"}}],"inLanguage":"es"}]}},"_links":{"self":[{"href":"https:\/\/www.opalmotion.com\/es\/wp-json\/wp\/v2\/pages\/145","targetHints":{"allow":["GET"]}}],"collection":[{"href":"https:\/\/www.opalmotion.com\/es\/wp-json\/wp\/v2\/pages"}],"about":[{"href":"https:\/\/www.opalmotion.com\/es\/wp-json\/wp\/v2\/types\/page"}],"author":[{"embeddable":true,"href":"https:\/\/www.opalmotion.com\/es\/wp-json\/wp\/v2\/users\/1"}],"replies":[{"embeddable":true,"href":"https:\/\/www.opalmotion.com\/es\/wp-json\/wp\/v2\/comments?post=145"}],"version-history":[{"count":23,"href":"https:\/\/www.opalmotion.com\/es\/wp-json\/wp\/v2\/pages\/145\/revisions"}],"predecessor-version":[{"id":968,"href":"https:\/\/www.opalmotion.com\/es\/wp-json\/wp\/v2\/pages\/145\/revisions\/968"}],"wp:attachment":[{"href":"https:\/\/www.opalmotion.com\/es\/wp-json\/wp\/v2\/media?parent=145"}],"curies":[{"name":"wp","href":"https:\/\/api.w.org\/{rel}","templated":true}]}}