{"id":70,"date":"2021-02-01T14:58:01","date_gmt":"2021-02-01T14:58:01","guid":{"rendered":"https:\/\/www.opalmotion.com\/?page_id=70"},"modified":"2023-03-13T10:16:06","modified_gmt":"2023-03-13T10:16:06","slug":"rolled-ground-ball-screw","status":"publish","type":"page","link":"https:\/\/www.opalmotion.com\/es\/rolled-ground-ball-screw\/","title":{"rendered":"Husillo de bolas rectificado y laminado"},"content":{"rendered":"<div class=\"fusion-fullwidth fullwidth-box fusion-builder-row-1 fusion-flex-container nonhundred-percent-fullwidth non-hundred-percent-height-scrolling\" style=\"--awb-border-radius-top-left:0px;--awb-border-radius-top-right:0px;--awb-border-radius-bottom-right:0px;--awb-border-radius-bottom-left:0px;--awb-flex-wrap:wrap;\" ><div class=\"fusion-builder-row fusion-row fusion-flex-align-items-flex-start fusion-flex-content-wrap\" style=\"max-width:1539.2px;margin-left: calc(-4% \/ 2 );margin-right: calc(-4% \/ 2 );\"><div class=\"fusion-layout-column fusion_builder_column fusion-builder-column-0 fusion_builder_column_2_5 2_5 fusion-flex-column\" style=\"--awb-bg-size:cover;--awb-width-large:40%;--awb-margin-top-large:10px;--awb-spacing-right-large:4.8%;--awb-margin-bottom-large:10px;--awb-spacing-left-large:4.8%;--awb-width-medium:40%;--awb-order-medium:0;--awb-spacing-right-medium:4.8%;--awb-spacing-left-medium:4.8%;--awb-width-small:100%;--awb-order-small:0;--awb-spacing-right-small:1.92%;--awb-spacing-left-small:1.92%;\"><div class=\"fusion-column-wrapper fusion-column-has-shadow fusion-flex-justify-content-flex-start fusion-content-layout-column\"><div class=\"fusion-image-element\" style=\"--awb-caption-title-font-family:var(--h2_typography-font-family);--awb-caption-title-font-weight:var(--h2_typography-font-weight);--awb-caption-title-font-style:var(--h2_typography-font-style);--awb-caption-title-size:var(--h2_typography-font-size);--awb-caption-title-transform:var(--h2_typography-text-transform);--awb-caption-title-line-height:var(--h2_typography-line-height);--awb-caption-title-letter-spacing:var(--h2_typography-letter-spacing);\"><span class=\"fusion-imageframe imageframe-none imageframe-1 hover-type-none\" style=\"border:4px solid #f4f6f9;\"><img decoding=\"async\" width=\"600\" height=\"450\" alt=\"Ball screw\" title=\"Rolled and Ground Ball Screw\" src=\"https:\/\/www.opalmotion.com\/wp-content\/uploads\/2021\/06\/600-450.jpg\" class=\"img-responsive wp-image-574\" srcset=\"https:\/\/www.opalmotion.com\/wp-content\/uploads\/2021\/06\/600-450-200x150.jpg 200w, https:\/\/www.opalmotion.com\/wp-content\/uploads\/2021\/06\/600-450-400x300.jpg 400w, https:\/\/www.opalmotion.com\/wp-content\/uploads\/2021\/06\/600-450.jpg 600w\" sizes=\"(max-width: 640px) 100vw, 600px\" \/><\/span><\/div><\/div><\/div><div class=\"fusion-layout-column fusion_builder_column fusion-builder-column-1 fusion_builder_column_3_5 3_5 fusion-flex-column fusion-flex-align-self-stretch\" style=\"--awb-bg-size:cover;--awb-width-large:60%;--awb-margin-top-large:10px;--awb-spacing-right-large:3.2%;--awb-margin-bottom-large:10px;--awb-spacing-left-large:3.2%;--awb-width-medium:60%;--awb-order-medium:0;--awb-spacing-right-medium:3.2%;--awb-spacing-left-medium:3.2%;--awb-width-small:100%;--awb-order-small:0;--awb-spacing-right-small:1.92%;--awb-spacing-left-small:1.92%;\"><div class=\"fusion-column-wrapper fusion-column-has-shadow fusion-flex-justify-content-center fusion-content-layout-column\"><div class=\"fusion-text fusion-text-1\"><p>Nuestros husillos de bolas est\u00e1n rectificados con precisi\u00f3n seg\u00fan ISO C1 a C5, laminados y endurecidos hasta ISO C7.<\/p>\n<p>Disponible en di\u00e1metros de 16, 20 y 25,32, 40, 50, 63, 80,100 mm<\/p>\n<p>Disponible con extremos mecanizados o no mecanizados.<\/p>\n<p>Longitudes est\u00e1ndar sin mecanizar de 900, 1000, 1300, 2000, 4000, 7000 y 8000 mm de existencias.<\/p>\n<\/div><\/div><\/div><div class=\"fusion-layout-column fusion_builder_column fusion-builder-column-2 fusion_builder_column_1_2 1_2 fusion-flex-column\" style=\"--awb-bg-size:cover;--awb-width-large:50%;--awb-margin-top-large:10px;--awb-spacing-right-large:3.84%;--awb-margin-bottom-large:10px;--awb-spacing-left-large:3.84%;--awb-width-medium:50%;--awb-order-medium:0;--awb-spacing-right-medium:3.84%;--awb-spacing-left-medium:3.84%;--awb-width-small:100%;--awb-order-small:0;--awb-spacing-right-small:1.92%;--awb-spacing-left-small:1.92%;\"><div class=\"fusion-column-wrapper fusion-column-has-shadow fusion-flex-justify-content-flex-start fusion-content-layout-column\"><div class=\"fusion-title title fusion-title-1 fusion-sep-none fusion-title-text fusion-title-size-two\" style=\"--awb-text-color:#1840b4;--awb-margin-top-small:10px;--awb-margin-right-small:0px;--awb-margin-bottom-small:10px;--awb-margin-left-small:0px;--awb-font-size:18px;\"><h2 class=\"fusion-title-heading title-heading-left\" style=\"margin:0;font-size:1em;\"><a href=\"https:\/\/www.opalmotion.com\/es\/rolled-ball-screws-c7-accuracy\/\"><strong>Husillos de bolas laminados de precisi\u00f3n C7\u00a0<\/strong><\/a><\/h2><\/div><div class=\"fusion-image-element\" style=\"--awb-caption-title-font-family:var(--h2_typography-font-family);--awb-caption-title-font-weight:var(--h2_typography-font-weight);--awb-caption-title-font-style:var(--h2_typography-font-style);--awb-caption-title-size:var(--h2_typography-font-size);--awb-caption-title-transform:var(--h2_typography-text-transform);--awb-caption-title-line-height:var(--h2_typography-line-height);--awb-caption-title-letter-spacing:var(--h2_typography-letter-spacing);\"><span class=\"fusion-imageframe imageframe-none imageframe-2 hover-type-zoomin\" style=\"border:4px solid #f4f6f9;\"><a class=\"fusion-no-lightbox\" href=\"https:\/\/www.opalmotion.com\/es\/rolled-ball-screws-c7-accuracy\/\" target=\"_self\" aria-label=\"Husillos de bolas laminados de precisi\u00f3n C7\"><img decoding=\"async\" width=\"600\" height=\"450\" alt=\"Husillos de bolas laminados de precisi\u00f3n C7\" src=\"https:\/\/www.opalmotion.com\/wp-content\/uploads\/2021\/06\/dddc4592a717d11954d276275bea4d4_gaitubao_600x450.jpg\" class=\"img-responsive wp-image-578\" srcset=\"https:\/\/www.opalmotion.com\/wp-content\/uploads\/2021\/06\/dddc4592a717d11954d276275bea4d4_gaitubao_600x450-200x150.jpg 200w, https:\/\/www.opalmotion.com\/wp-content\/uploads\/2021\/06\/dddc4592a717d11954d276275bea4d4_gaitubao_600x450-400x300.jpg 400w, https:\/\/www.opalmotion.com\/wp-content\/uploads\/2021\/06\/dddc4592a717d11954d276275bea4d4_gaitubao_600x450.jpg 600w\" sizes=\"(max-width: 640px) 100vw, 600px\" \/><\/a><\/span><\/div><div ><a class=\"fusion-button button-flat button-small button-default fusion-button-default button-1 fusion-button-default-span fusion-button-default-type\" style=\"--button_margin-top:10px;--button_margin-bottom:10px;\" target=\"_self\" href=\"https:\/\/www.opalmotion.com\/es\/rolled-ball-screws-c7-accuracy\/\"><span class=\"fusion-button-text awb-button__text awb-button__text--default\">M\u00e1s informaci\u00f3n<\/span><i class=\"fa-angle-double-right fas awb-button__icon awb-button__icon--default button-icon-right\" aria-hidden=\"true\"><\/i><\/a><\/div><div class=\"fusion-text fusion-text-2\"><p>*Caracter\u00edstica: Intercambiable con TBI, compatible con la mayor\u00eda de las otras marcas.*<\/p>\n<p>Un husillo de bolas que utiliza un eje de husillo laminado con alta precisi\u00f3n. Comenzando como piezas de trabajo de metal en bruto, se forman a trav\u00e9s del laminado del husillo en fr\u00edo, lo que proporciona una relaci\u00f3n precio-rendimiento muy atractiva, junto con una alta precisi\u00f3n. Este producto est\u00e1 disponible como un husillo de bolas prefabricado, con la tuerca montada y el mu\u00f1\u00f3n del rodamiento mecanizado, o se entrega como un eje y una tuerca sin montar.<\/p>\n<\/div><\/div><\/div><div class=\"fusion-layout-column fusion_builder_column fusion-builder-column-3 fusion_builder_column_1_2 1_2 fusion-flex-column\" style=\"--awb-bg-size:cover;--awb-width-large:50%;--awb-margin-top-large:10px;--awb-spacing-right-large:3.84%;--awb-margin-bottom-large:10px;--awb-spacing-left-large:3.84%;--awb-width-medium:50%;--awb-order-medium:0;--awb-spacing-right-medium:3.84%;--awb-spacing-left-medium:3.84%;--awb-width-small:100%;--awb-order-small:0;--awb-spacing-right-small:1.92%;--awb-spacing-left-small:1.92%;\"><div class=\"fusion-column-wrapper fusion-column-has-shadow fusion-flex-justify-content-flex-start fusion-content-layout-column\"><div class=\"fusion-title title fusion-title-2 fusion-sep-none fusion-title-text fusion-title-size-two\" style=\"--awb-text-color:#1840b4;--awb-margin-top-small:10px;--awb-margin-right-small:0px;--awb-margin-bottom-small:10px;--awb-margin-left-small:0px;--awb-font-size:18px;\"><h2 class=\"fusion-title-heading title-heading-left\" style=\"margin:0;font-size:1em;\"><strong><a href=\"https:\/\/www.opalmotion.com\/es\/ground-ball-screws-c3-accuracy\/\">Ground Ball Screws \u00a0C1 To C5\u00a0<\/a><\/strong><\/h2><\/div><div class=\"fusion-image-element\" style=\"--awb-caption-title-font-family:var(--h2_typography-font-family);--awb-caption-title-font-weight:var(--h2_typography-font-weight);--awb-caption-title-font-style:var(--h2_typography-font-style);--awb-caption-title-size:var(--h2_typography-font-size);--awb-caption-title-transform:var(--h2_typography-text-transform);--awb-caption-title-line-height:var(--h2_typography-line-height);--awb-caption-title-letter-spacing:var(--h2_typography-letter-spacing);\"><span class=\"fusion-imageframe imageframe-none imageframe-3 hover-type-zoomin\" style=\"border:4px solid #f4f6f9;\"><a class=\"fusion-no-lightbox\" href=\"https:\/\/www.opalmotion.com\/es\/ground-ball-screws-c3-accuracy\/\" target=\"_self\"><img decoding=\"async\" width=\"600\" height=\"450\" alt=\"Ground Ball Screws C3 C5 Accuracy Category\" src=\"https:\/\/www.opalmotion.com\/wp-content\/uploads\/2021\/03\/Ground-Ball-Screws-C3-C5-Accuracy-Category.jpg\" class=\"img-responsive wp-image-393\" srcset=\"https:\/\/www.opalmotion.com\/wp-content\/uploads\/2021\/03\/Ground-Ball-Screws-C3-C5-Accuracy-Category-200x150.jpg 200w, https:\/\/www.opalmotion.com\/wp-content\/uploads\/2021\/03\/Ground-Ball-Screws-C3-C5-Accuracy-Category-400x300.jpg 400w, https:\/\/www.opalmotion.com\/wp-content\/uploads\/2021\/03\/Ground-Ball-Screws-C3-C5-Accuracy-Category.jpg 600w\" sizes=\"(max-width: 640px) 100vw, 600px\" \/><\/a><\/span><\/div><div ><a class=\"fusion-button button-flat button-small button-default fusion-button-default button-2 fusion-button-default-span fusion-button-default-type\" style=\"--button_margin-top:10px;--button_margin-bottom:10px;\" target=\"_self\" href=\"https:\/\/www.opalmotion.com\/es\/ground-ball-screws-c3-accuracy\/\"><span class=\"fusion-button-text awb-button__text awb-button__text--default\">M\u00e1s informaci\u00f3n<\/span><i class=\"fa-angle-double-right fas awb-button__icon awb-button__icon--default button-icon-right\" aria-hidden=\"true\"><\/i><\/a><\/div><div class=\"fusion-text fusion-text-3\"><p>*Caracter\u00edstica: Alta precisi\u00f3n, producir seg\u00fan los dibujos del cliente.*<\/p>\n<p>Un husillo de bolas que utiliza un eje de husillo rectificado con alta precisi\u00f3n, se fabrica en tres pasos: mecanizado a la forma bruta, endurecimiento de la caja y rectificado. Los husillos de bolas rectificados son los mejores para aplicaciones que requieren no solo alta precisi\u00f3n, sino tambi\u00e9n alta rigidez.<\/p>\n<\/div><\/div><\/div><div class=\"fusion-layout-column fusion_builder_column fusion-builder-column-4 fusion_builder_column_1_2 1_2 fusion-flex-column\" style=\"--awb-bg-size:cover;--awb-width-large:50%;--awb-margin-top-large:10px;--awb-spacing-right-large:3.84%;--awb-margin-bottom-large:10px;--awb-spacing-left-large:3.84%;--awb-width-medium:50%;--awb-order-medium:0;--awb-spacing-right-medium:3.84%;--awb-spacing-left-medium:3.84%;--awb-width-small:100%;--awb-order-small:0;--awb-spacing-right-small:1.92%;--awb-spacing-left-small:1.92%;\"><div class=\"fusion-column-wrapper fusion-column-has-shadow fusion-flex-justify-content-flex-start fusion-content-layout-column\"><div class=\"fusion-title title fusion-title-3 fusion-sep-none fusion-title-text fusion-title-size-two\" style=\"--awb-text-color:#1840b4;--awb-margin-top-small:10px;--awb-margin-right-small:0px;--awb-margin-bottom-small:10px;--awb-margin-left-small:0px;--awb-font-size:18px;\"><h2 class=\"fusion-title-heading title-heading-left\" style=\"margin:0;font-size:1em;\"><strong><a href=\"https:\/\/www.opalmotion.com\/es\/finished-shaft-ends\/\">Extremos de eje terminados\u00a0<\/a><\/strong><\/h2><\/div><div class=\"fusion-image-element\" style=\"--awb-caption-title-font-family:var(--h2_typography-font-family);--awb-caption-title-font-weight:var(--h2_typography-font-weight);--awb-caption-title-font-style:var(--h2_typography-font-style);--awb-caption-title-size:var(--h2_typography-font-size);--awb-caption-title-transform:var(--h2_typography-text-transform);--awb-caption-title-line-height:var(--h2_typography-line-height);--awb-caption-title-letter-spacing:var(--h2_typography-letter-spacing);\"><span class=\"fusion-imageframe imageframe-none imageframe-4 hover-type-zoomin\" style=\"border:4px solid #f4f6f9;\"><a class=\"fusion-no-lightbox\" href=\"https:\/\/www.opalmotion.com\/es\/finished-shaft-ends\/\" target=\"_self\"><img decoding=\"async\" width=\"600\" height=\"450\" alt=\"Finished Shaft Ends Opalmotion\" src=\"https:\/\/www.opalmotion.com\/wp-content\/uploads\/2021\/03\/Finished-Shaft-Ends-Opalmotion.jpg\" class=\"img-responsive wp-image-293\" srcset=\"https:\/\/www.opalmotion.com\/wp-content\/uploads\/2021\/03\/Finished-Shaft-Ends-Opalmotion-200x150.jpg 200w, https:\/\/www.opalmotion.com\/wp-content\/uploads\/2021\/03\/Finished-Shaft-Ends-Opalmotion-400x300.jpg 400w, https:\/\/www.opalmotion.com\/wp-content\/uploads\/2021\/03\/Finished-Shaft-Ends-Opalmotion.jpg 600w\" sizes=\"(max-width: 640px) 100vw, 600px\" \/><\/a><\/span><\/div><div ><a class=\"fusion-button button-flat button-small button-default fusion-button-default button-3 fusion-button-default-span fusion-button-default-type\" style=\"--button_margin-top:10px;--button_margin-bottom:10px;\" target=\"_self\" href=\"https:\/\/www.opalmotion.com\/es\/finished-shaft-ends\/\"><span class=\"fusion-button-text awb-button__text awb-button__text--default\">M\u00e1s informaci\u00f3n<\/span><i class=\"fa-angle-double-right fas awb-button__icon awb-button__icon--default button-icon-right\" aria-hidden=\"true\"><\/i><\/a><\/div><div class=\"fusion-text fusion-text-4\"><p>Se pueden realizar mecanizados adicionales en la f\u00e1brica para las disposiciones de acoplamientos y rodamientos.<\/p>\n<\/div><\/div><\/div><\/div><\/div>","protected":false},"excerpt":{"rendered":"","protected":false},"author":1,"featured_media":0,"parent":0,"menu_order":0,"comment_status":"closed","ping_status":"closed","template":"","meta":{"footnotes":""},"class_list":["post-70","page","type-page","status-publish","hentry"],"yoast_head":"<!-- This site is optimized with the Yoast SEO plugin v27.3 - https:\/\/yoast.com\/product\/yoast-seo-wordpress\/ -->\n<title>Ground &amp; Rolled Ball Screw - LTROBOT<\/title>\n<meta name=\"robots\" content=\"index, follow, max-snippet:-1, max-image-preview:large, max-video-preview:-1\" \/>\n<link rel=\"canonical\" href=\"https:\/\/www.opalmotion.com\/es\/rolled-ground-ball-screw\/\" \/>\n<meta property=\"og:locale\" content=\"es_ES\" \/>\n<meta property=\"og:type\" content=\"article\" \/>\n<meta property=\"og:title\" content=\"Ground &amp; Rolled Ball Screw - LTROBOT\" \/>\n<meta property=\"og:url\" content=\"https:\/\/www.opalmotion.com\/es\/rolled-ground-ball-screw\/\" \/>\n<meta property=\"og:site_name\" content=\"LTROBOT\" \/>\n<meta property=\"article:modified_time\" content=\"2023-03-13T10:16:06+00:00\" \/>\n<meta name=\"twitter:card\" content=\"summary_large_image\" \/>\n<meta name=\"twitter:label1\" content=\"Tiempo de lectura\" \/>\n\t<meta name=\"twitter:data1\" content=\"6 minutos\" \/>\n<script type=\"application\/ld+json\" class=\"yoast-schema-graph\">{\"@context\":\"https:\\\/\\\/schema.org\",\"@graph\":[{\"@type\":\"WebPage\",\"@id\":\"https:\\\/\\\/www.opalmotion.com\\\/rolled-ground-ball-screw\\\/\",\"url\":\"https:\\\/\\\/www.opalmotion.com\\\/rolled-ground-ball-screw\\\/\",\"name\":\"Ground & Rolled Ball Screw - LTROBOT\",\"isPartOf\":{\"@id\":\"https:\\\/\\\/www.opalmotion.com\\\/ja\\\/#website\"},\"datePublished\":\"2021-02-01T14:58:01+00:00\",\"dateModified\":\"2023-03-13T10:16:06+00:00\",\"breadcrumb\":{\"@id\":\"https:\\\/\\\/www.opalmotion.com\\\/rolled-ground-ball-screw\\\/#breadcrumb\"},\"inLanguage\":\"es\",\"potentialAction\":[{\"@type\":\"ReadAction\",\"target\":[\"https:\\\/\\\/www.opalmotion.com\\\/rolled-ground-ball-screw\\\/\"]}]},{\"@type\":\"BreadcrumbList\",\"@id\":\"https:\\\/\\\/www.opalmotion.com\\\/rolled-ground-ball-screw\\\/#breadcrumb\",\"itemListElement\":[{\"@type\":\"ListItem\",\"position\":1,\"name\":\"Home\",\"item\":\"https:\\\/\\\/www.opalmotion.com\\\/\"},{\"@type\":\"ListItem\",\"position\":2,\"name\":\"Ground &#038; Rolled Ball Screw\"}]},{\"@type\":\"WebSite\",\"@id\":\"https:\\\/\\\/www.opalmotion.com\\\/ja\\\/#website\",\"url\":\"https:\\\/\\\/www.opalmotion.com\\\/ja\\\/\",\"name\":\"LTROBOT\",\"description\":\"\",\"potentialAction\":[{\"@type\":\"SearchAction\",\"target\":{\"@type\":\"EntryPoint\",\"urlTemplate\":\"https:\\\/\\\/www.opalmotion.com\\\/ja\\\/?s={search_term_string}\"},\"query-input\":{\"@type\":\"PropertyValueSpecification\",\"valueRequired\":true,\"valueName\":\"search_term_string\"}}],\"inLanguage\":\"es\"}]}<\/script>\n<!-- \/ Yoast SEO plugin. -->","yoast_head_json":{"title":"Ground & Rolled Ball Screw - LTROBOT","robots":{"index":"index","follow":"follow","max-snippet":"max-snippet:-1","max-image-preview":"max-image-preview:large","max-video-preview":"max-video-preview:-1"},"canonical":"https:\/\/www.opalmotion.com\/es\/rolled-ground-ball-screw\/","og_locale":"es_ES","og_type":"article","og_title":"Ground & Rolled Ball Screw - LTROBOT","og_url":"https:\/\/www.opalmotion.com\/es\/rolled-ground-ball-screw\/","og_site_name":"LTROBOT","article_modified_time":"2023-03-13T10:16:06+00:00","twitter_card":"summary_large_image","twitter_misc":{"Tiempo de lectura":"6 minutos"},"schema":{"@context":"https:\/\/schema.org","@graph":[{"@type":"WebPage","@id":"https:\/\/www.opalmotion.com\/rolled-ground-ball-screw\/","url":"https:\/\/www.opalmotion.com\/rolled-ground-ball-screw\/","name":"Ground & Rolled Ball Screw - LTROBOT","isPartOf":{"@id":"https:\/\/www.opalmotion.com\/ja\/#website"},"datePublished":"2021-02-01T14:58:01+00:00","dateModified":"2023-03-13T10:16:06+00:00","breadcrumb":{"@id":"https:\/\/www.opalmotion.com\/rolled-ground-ball-screw\/#breadcrumb"},"inLanguage":"es","potentialAction":[{"@type":"ReadAction","target":["https:\/\/www.opalmotion.com\/rolled-ground-ball-screw\/"]}]},{"@type":"BreadcrumbList","@id":"https:\/\/www.opalmotion.com\/rolled-ground-ball-screw\/#breadcrumb","itemListElement":[{"@type":"ListItem","position":1,"name":"Home","item":"https:\/\/www.opalmotion.com\/"},{"@type":"ListItem","position":2,"name":"Ground &#038; Rolled Ball Screw"}]},{"@type":"WebSite","@id":"https:\/\/www.opalmotion.com\/ja\/#website","url":"https:\/\/www.opalmotion.com\/ja\/","name":"LTROBOT","description":"","potentialAction":[{"@type":"SearchAction","target":{"@type":"EntryPoint","urlTemplate":"https:\/\/www.opalmotion.com\/ja\/?s={search_term_string}"},"query-input":{"@type":"PropertyValueSpecification","valueRequired":true,"valueName":"search_term_string"}}],"inLanguage":"es"}]}},"_links":{"self":[{"href":"https:\/\/www.opalmotion.com\/es\/wp-json\/wp\/v2\/pages\/70","targetHints":{"allow":["GET"]}}],"collection":[{"href":"https:\/\/www.opalmotion.com\/es\/wp-json\/wp\/v2\/pages"}],"about":[{"href":"https:\/\/www.opalmotion.com\/es\/wp-json\/wp\/v2\/types\/page"}],"author":[{"embeddable":true,"href":"https:\/\/www.opalmotion.com\/es\/wp-json\/wp\/v2\/users\/1"}],"replies":[{"embeddable":true,"href":"https:\/\/www.opalmotion.com\/es\/wp-json\/wp\/v2\/comments?post=70"}],"version-history":[{"count":28,"href":"https:\/\/www.opalmotion.com\/es\/wp-json\/wp\/v2\/pages\/70\/revisions"}],"predecessor-version":[{"id":1427,"href":"https:\/\/www.opalmotion.com\/es\/wp-json\/wp\/v2\/pages\/70\/revisions\/1427"}],"wp:attachment":[{"href":"https:\/\/www.opalmotion.com\/es\/wp-json\/wp\/v2\/media?parent=70"}],"curies":[{"name":"wp","href":"https:\/\/api.w.org\/{rel}","templated":true}]}}