{"id":145,"date":"2021-02-08T02:18:54","date_gmt":"2021-02-08T02:18:54","guid":{"rendered":"https:\/\/www.opalmotion.com\/?page_id=145"},"modified":"2021-12-31T10:22:31","modified_gmt":"2021-12-31T10:22:31","slug":"linear-guides","status":"publish","type":"page","link":"https:\/\/www.opalmotion.com\/fr\/linear-guides\/","title":{"rendered":"Guides lin\u00e9aires"},"content":{"rendered":"<div class=\"fusion-fullwidth fullwidth-box fusion-builder-row-1 fusion-flex-container nonhundred-percent-fullwidth non-hundred-percent-height-scrolling\" style=\"--awb-border-radius-top-left:0px;--awb-border-radius-top-right:0px;--awb-border-radius-bottom-right:0px;--awb-border-radius-bottom-left:0px;--awb-flex-wrap:wrap;\" ><div class=\"fusion-builder-row fusion-row fusion-flex-align-items-flex-start fusion-flex-content-wrap\" style=\"max-width:1539.2px;margin-left: calc(-4% \/ 2 );margin-right: calc(-4% \/ 2 );\"><div class=\"fusion-layout-column fusion_builder_column fusion-builder-column-0 fusion_builder_column_1_2 1_2 fusion-flex-column\" style=\"--awb-bg-size:cover;--awb-width-large:50%;--awb-margin-top-large:10px;--awb-spacing-right-large:3.84%;--awb-margin-bottom-large:10px;--awb-spacing-left-large:3.84%;--awb-width-medium:50%;--awb-order-medium:0;--awb-spacing-right-medium:3.84%;--awb-spacing-left-medium:3.84%;--awb-width-small:100%;--awb-order-small:0;--awb-spacing-right-small:1.92%;--awb-spacing-left-small:1.92%;\"><div class=\"fusion-column-wrapper fusion-column-has-shadow fusion-flex-justify-content-flex-start fusion-content-layout-column\"><div class=\"fusion-title title fusion-title-1 fusion-sep-none fusion-title-text fusion-title-size-two\" style=\"--awb-text-color:#1840b4;--awb-margin-top-small:10px;--awb-margin-right-small:0px;--awb-margin-bottom-small:10px;--awb-margin-left-small:0px;--awb-font-size:18px;\"><h2 class=\"fusion-title-heading title-heading-left\" style=\"margin:0;font-size:1em;\"><a href=\"https:\/\/www.opalmotion.com\/fr\/sg-high-capacity-linear-guide\/\"><strong>S\u00e9rie SG\u00a0<\/strong><\/a><\/h2><\/div><div class=\"fusion-image-element\" style=\"--awb-caption-title-font-family:var(--h2_typography-font-family);--awb-caption-title-font-weight:var(--h2_typography-font-weight);--awb-caption-title-font-style:var(--h2_typography-font-style);--awb-caption-title-size:var(--h2_typography-font-size);--awb-caption-title-transform:var(--h2_typography-text-transform);--awb-caption-title-line-height:var(--h2_typography-line-height);--awb-caption-title-letter-spacing:var(--h2_typography-letter-spacing);\"><span class=\"fusion-imageframe imageframe-none imageframe-1 hover-type-zoomin\" style=\"border:4px solid #f4f6f9;\"><a class=\"fusion-no-lightbox\" href=\"https:\/\/www.opalmotion.com\/fr\/sg-high-capacity-linear-guide\/\" target=\"_self\"><img decoding=\"async\" width=\"600\" height=\"450\" alt=\"1. SG high capacity linear guide\" src=\"https:\/\/www.opalmotion.com\/wp-content\/uploads\/2021\/02\/1.-SG-high-capacity-linear-guide.jpg\" class=\"img-responsive wp-image-87\" srcset=\"https:\/\/www.opalmotion.com\/wp-content\/uploads\/2021\/02\/1.-SG-high-capacity-linear-guide-200x150.jpg 200w, https:\/\/www.opalmotion.com\/wp-content\/uploads\/2021\/02\/1.-SG-high-capacity-linear-guide-400x300.jpg 400w, https:\/\/www.opalmotion.com\/wp-content\/uploads\/2021\/02\/1.-SG-high-capacity-linear-guide.jpg 600w\" sizes=\"(max-width: 640px) 100vw, 600px\" \/><\/a><\/span><\/div><div ><a class=\"fusion-button button-flat button-small button-default fusion-button-default button-1 fusion-button-default-span fusion-button-default-type\" style=\"--button_margin-top:10px;--button_margin-bottom:10px;\" target=\"_self\" href=\"https:\/\/www.opalmotion.com\/fr\/sg-high-capacity-linear-guide\/\"><span class=\"fusion-button-text awb-button__text awb-button__text--default\">En savoir plus<\/span><i class=\"fa-angle-double-right fas awb-button__icon awb-button__icon--default button-icon-right\" aria-hidden=\"true\"><\/i><\/a><\/div><div class=\"fusion-text fusion-text-1\"><p>*Caract\u00e9ristique: Charge super lourde, anti-poussi\u00e8re, par exemple, notre broyeur utilise cette s\u00e9rie.*<\/p>\n<p>Les guides lin\u00e9aires de la s\u00e9rie SG ont des capacit\u00e9s de charge de moment sup\u00e9rieures \u00e0 celles de la s\u00e9rie LDH standard.<\/p>\n<p>La configuration de roulement  de type O (dos \u00e0 dos) et l'unit\u00e9 de recirculation int\u00e9gr\u00e9e optimisent la circulation des roulements, am\u00e9liorant consid\u00e9rablement les capacit\u00e9s de charge de moment et favorisant la fluidit\u00e9 du mouvement.<\/p>\n<p>Une bande de protection en acier inoxydable optionnelle augmente la protection contre la poussi\u00e8re et favorise la transition fluide de bloc.<\/p>\n<\/div><\/div><\/div><div class=\"fusion-layout-column fusion_builder_column fusion-builder-column-1 fusion_builder_column_1_2 1_2 fusion-flex-column\" style=\"--awb-bg-size:cover;--awb-width-large:50%;--awb-margin-top-large:10px;--awb-spacing-right-large:3.84%;--awb-margin-bottom-large:10px;--awb-spacing-left-large:3.84%;--awb-width-medium:50%;--awb-order-medium:0;--awb-spacing-right-medium:3.84%;--awb-spacing-left-medium:3.84%;--awb-width-small:100%;--awb-order-small:0;--awb-spacing-right-small:1.92%;--awb-spacing-left-small:1.92%;\"><div class=\"fusion-column-wrapper fusion-column-has-shadow fusion-flex-justify-content-flex-start fusion-content-layout-column\"><div class=\"fusion-title title fusion-title-2 fusion-sep-none fusion-title-text fusion-title-size-two\" style=\"--awb-text-color:#1840b4;--awb-margin-top-small:10px;--awb-margin-right-small:0px;--awb-margin-bottom-small:10px;--awb-margin-left-small:0px;--awb-font-size:18px;\"><h2 class=\"fusion-title-heading title-heading-left\" style=\"margin:0;font-size:1em;\"><a href=\"https:\/\/www.opalmotion.com\/fr\/ldh-standard-linear-guides\/\"><strong>S\u00e9rie LDH<\/strong><\/a><\/h2><\/div><div class=\"fusion-image-element\" style=\"--awb-caption-title-font-family:var(--h2_typography-font-family);--awb-caption-title-font-weight:var(--h2_typography-font-weight);--awb-caption-title-font-style:var(--h2_typography-font-style);--awb-caption-title-size:var(--h2_typography-font-size);--awb-caption-title-transform:var(--h2_typography-text-transform);--awb-caption-title-line-height:var(--h2_typography-line-height);--awb-caption-title-letter-spacing:var(--h2_typography-letter-spacing);\"><span class=\"fusion-imageframe imageframe-none imageframe-2 hover-type-zoomin\" style=\"border:4px solid #f4f6f9;\"><a class=\"fusion-no-lightbox\" href=\"https:\/\/www.opalmotion.com\/fr\/ldh-standard-linear-guides\/\" target=\"_self\"><img decoding=\"async\" width=\"600\" height=\"450\" alt=\"2. LDH standard linear guides\" src=\"https:\/\/www.opalmotion.com\/wp-content\/uploads\/2021\/02\/2.-LDH-standard-linear-guides.jpg\" class=\"img-responsive wp-image-88\" srcset=\"https:\/\/www.opalmotion.com\/wp-content\/uploads\/2021\/02\/2.-LDH-standard-linear-guides-200x150.jpg 200w, https:\/\/www.opalmotion.com\/wp-content\/uploads\/2021\/02\/2.-LDH-standard-linear-guides-400x300.jpg 400w, https:\/\/www.opalmotion.com\/wp-content\/uploads\/2021\/02\/2.-LDH-standard-linear-guides.jpg 600w\" sizes=\"(max-width: 640px) 100vw, 600px\" \/><\/a><\/span><\/div><div ><a class=\"fusion-button button-flat button-small button-default fusion-button-default button-2 fusion-button-default-span fusion-button-default-type\" style=\"--button_margin-top:10px;--button_margin-bottom:10px;\" target=\"_self\" href=\"https:\/\/www.opalmotion.com\/fr\/ldh-standard-linear-guides\/\"><span class=\"fusion-button-text awb-button__text awb-button__text--default\">En savoir plus<\/span><i class=\"fa-angle-double-right fas awb-button__icon awb-button__icon--default button-icon-right\" aria-hidden=\"true\"><\/i><\/a><\/div><div class=\"fusion-text fusion-text-2\"><p>*Caract\u00e9ristique: Interchangeable avec HG, compatible avec la plupart des autres marques\nLargement utilis\u00e9 par diverses industries\n*<\/p>\n<p>Les rails et blocs de guidage lin\u00e9aires standard sont propos\u00e9s \u00e0 un prix comp\u00e9titif et sont de bonne qualit\u00e9.Ils conviennent aux applications moins exigeantes et sont interchangeables avec les produits HG \u00e0 bloc lin\u00e9aire et rails de guidage lin\u00e9aires fabriqu\u00e9s avec une pr\u00e9cision C-normale, z\u00e9ro, l\u00e9g\u00e8re et pr\u00e9charge \u00e9lev\u00e9e.<\/p>\n<\/div><\/div><\/div><div class=\"fusion-layout-column fusion_builder_column fusion-builder-column-2 fusion_builder_column_1_2 1_2 fusion-flex-column\" style=\"--awb-bg-size:cover;--awb-width-large:50%;--awb-margin-top-large:10px;--awb-spacing-right-large:3.84%;--awb-margin-bottom-large:10px;--awb-spacing-left-large:3.84%;--awb-width-medium:50%;--awb-order-medium:0;--awb-spacing-right-medium:3.84%;--awb-spacing-left-medium:3.84%;--awb-width-small:100%;--awb-order-small:0;--awb-spacing-right-small:1.92%;--awb-spacing-left-small:1.92%;\"><div class=\"fusion-column-wrapper fusion-column-has-shadow fusion-flex-justify-content-flex-start fusion-content-layout-column\"><div class=\"fusion-title title fusion-title-3 fusion-sep-none fusion-title-text fusion-title-size-two\" style=\"--awb-text-color:#1840b4;--awb-margin-top-small:10px;--awb-margin-right-small:0px;--awb-margin-bottom-small:10px;--awb-margin-left-small:0px;--awb-font-size:18px;\"><h2 class=\"fusion-title-heading title-heading-left\" style=\"margin:0;font-size:1em;\"><a href=\"https:\/\/www.opalmotion.com\/fr\/miniature-linear-guide\/\"><strong>S\u00e9rie LDM Miniatures\u00a0<\/strong><\/a><\/h2><\/div><div class=\"fusion-image-element\" style=\"--awb-caption-title-font-family:var(--h2_typography-font-family);--awb-caption-title-font-weight:var(--h2_typography-font-weight);--awb-caption-title-font-style:var(--h2_typography-font-style);--awb-caption-title-size:var(--h2_typography-font-size);--awb-caption-title-transform:var(--h2_typography-text-transform);--awb-caption-title-line-height:var(--h2_typography-line-height);--awb-caption-title-letter-spacing:var(--h2_typography-letter-spacing);\"><span class=\"fusion-imageframe imageframe-none imageframe-3 hover-type-zoomin\" style=\"border:4px solid #f4f6f9;\"><a class=\"fusion-no-lightbox\" href=\"https:\/\/www.opalmotion.com\/fr\/miniature-linear-guide\/\" target=\"_self\"><img decoding=\"async\" width=\"800\" height=\"533\" alt=\"S\u00e9rie LDM Miniatures\" src=\"https:\/\/www.opalmotion.com\/wp-content\/uploads\/2021\/11\/Miniatures.jpg\" class=\"img-responsive wp-image-883\" srcset=\"https:\/\/www.opalmotion.com\/wp-content\/uploads\/2021\/11\/Miniatures-200x133.jpg 200w, https:\/\/www.opalmotion.com\/wp-content\/uploads\/2021\/11\/Miniatures-400x267.jpg 400w, https:\/\/www.opalmotion.com\/wp-content\/uploads\/2021\/11\/Miniatures-600x400.jpg 600w, https:\/\/www.opalmotion.com\/wp-content\/uploads\/2021\/11\/Miniatures.jpg 800w\" sizes=\"(max-width: 640px) 100vw, 800px\" \/><\/a><\/span><\/div><div ><a class=\"fusion-button button-flat button-small button-default fusion-button-default button-3 fusion-button-default-span fusion-button-default-type\" style=\"--button_margin-top:10px;--button_margin-bottom:10px;\" target=\"_self\" href=\"https:\/\/www.opalmotion.com\/fr\/miniature-linear-guide\/\"><span class=\"fusion-button-text awb-button__text awb-button__text--default\">En savoir plus<\/span><i class=\"fa-angle-double-right fas awb-button__icon awb-button__icon--default button-icon-right\" aria-hidden=\"true\"><\/i><\/a><\/div><div class=\"fusion-text fusion-text-3\"><p>*Caract\u00e9ristique: Interchangeable avec MGN, compatible avec la plupart des autres marques*<\/p>\n<p>Le guide lin\u00e9aire miniature permet un guidage des pr\u00e9charges pr\u00e9cis \u00e0 faible frottement pour les applications de machines et d'\u00e9quipement. Un ou plusieurs blocs de roulement peuvent se monter sur rail de guidage lin\u00e9aire.<\/p>\n<p>Il existe \u00e9galement des options pour blocs standard, larges et plus longs. Trois niveaux de pr\u00e9cision diff\u00e9rents sont disponibles, qualit\u00e9 C, H et P.<\/p>\n<p>Ces produits sont disponibles dans des tailles industrielles standard, de la taille 7 \u00e0 la taille 15.Longueur de rail jusqu'\u00e0 2000 mm.<\/p>\n<\/div><\/div><\/div><div class=\"fusion-layout-column fusion_builder_column fusion-builder-column-3 fusion_builder_column_1_2 1_2 fusion-flex-column\" style=\"--awb-bg-size:cover;--awb-width-large:50%;--awb-margin-top-large:10px;--awb-spacing-right-large:3.84%;--awb-margin-bottom-large:10px;--awb-spacing-left-large:3.84%;--awb-width-medium:50%;--awb-order-medium:0;--awb-spacing-right-medium:3.84%;--awb-spacing-left-medium:3.84%;--awb-width-small:100%;--awb-order-small:0;--awb-spacing-right-small:1.92%;--awb-spacing-left-small:1.92%;\"><div class=\"fusion-column-wrapper fusion-column-has-shadow fusion-flex-justify-content-flex-start fusion-content-layout-column\"><div class=\"fusion-title title fusion-title-4 fusion-sep-none fusion-title-text fusion-title-size-two\" style=\"--awb-text-color:#1840b4;--awb-margin-top-small:10px;--awb-margin-right-small:0px;--awb-margin-bottom-small:10px;--awb-margin-left-small:0px;--awb-font-size:18px;\"><h2 class=\"fusion-title-heading title-heading-left\" style=\"margin:0;font-size:1em;\"><a href=\"https:\/\/www.opalmotion.com\/fr\/stainless-steel-miniature-guide\/\"><strong>S\u00e9rie LDM Miniatures Acier inoxydable<\/strong><\/a><\/h2><\/div><div class=\"fusion-image-element\" style=\"--awb-caption-title-font-family:var(--h2_typography-font-family);--awb-caption-title-font-weight:var(--h2_typography-font-weight);--awb-caption-title-font-style:var(--h2_typography-font-style);--awb-caption-title-size:var(--h2_typography-font-size);--awb-caption-title-transform:var(--h2_typography-text-transform);--awb-caption-title-line-height:var(--h2_typography-line-height);--awb-caption-title-letter-spacing:var(--h2_typography-letter-spacing);\"><span class=\"fusion-imageframe imageframe-none imageframe-4 hover-type-zoomin\" style=\"border:4px solid #f4f6f9;\"><a class=\"fusion-no-lightbox\" href=\"https:\/\/www.opalmotion.com\/fr\/stainless-steel-miniature-guide\/\" target=\"_self\"><img decoding=\"async\" width=\"800\" height=\"533\" alt=\"Miniatures-Acier inoxydable\" src=\"https:\/\/www.opalmotion.com\/wp-content\/uploads\/2021\/11\/Stainless-Steel-Miniature-Guide.jpg\" class=\"img-responsive wp-image-903\" srcset=\"https:\/\/www.opalmotion.com\/wp-content\/uploads\/2021\/11\/Stainless-Steel-Miniature-Guide-200x133.jpg 200w, https:\/\/www.opalmotion.com\/wp-content\/uploads\/2021\/11\/Stainless-Steel-Miniature-Guide-400x267.jpg 400w, https:\/\/www.opalmotion.com\/wp-content\/uploads\/2021\/11\/Stainless-Steel-Miniature-Guide-600x400.jpg 600w, https:\/\/www.opalmotion.com\/wp-content\/uploads\/2021\/11\/Stainless-Steel-Miniature-Guide.jpg 800w\" sizes=\"(max-width: 640px) 100vw, 800px\" \/><\/a><\/span><\/div><div ><a class=\"fusion-button button-flat button-small button-default fusion-button-default button-4 fusion-button-default-span fusion-button-default-type\" style=\"--button_margin-top:10px;--button_margin-bottom:10px;\" target=\"_self\" href=\"https:\/\/www.opalmotion.com\/fr\/stainless-steel-miniature-guide\/\"><span class=\"fusion-button-text awb-button__text awb-button__text--default\">En savoir plus<\/span><i class=\"fa-angle-double-right fas awb-button__icon awb-button__icon--default button-icon-right\" aria-hidden=\"true\"><\/i><\/a><\/div><div class=\"fusion-text fusion-text-4\"><p>*Caract\u00e9ristique : R\u00e9sistant \u00e0 la corrosion*<\/p>\n<p>Le bloc de guidage lin\u00e9aire et le rail de guidage lin\u00e9aire sont en acier inoxydable 440C.<\/p>\n<p>Il existe \u00e9galement des options pour blocs standard, larges et plus longs. Trois niveaux de pr\u00e9cision diff\u00e9rents sont disponibles, qualit\u00e9 C, H et P.<\/p>\n<p>Ces produits sont disponibles en tailles industrielles standard de 3 mm \u00e0 15 mm.Longueur de rail jusqu'\u00e0 1500 mm.<\/p>\n<\/div><\/div><\/div><div class=\"fusion-layout-column fusion_builder_column fusion-builder-column-4 fusion_builder_column_1_2 1_2 fusion-flex-column\" style=\"--awb-bg-size:cover;--awb-width-large:50%;--awb-margin-top-large:10px;--awb-spacing-right-large:3.84%;--awb-margin-bottom-large:10px;--awb-spacing-left-large:3.84%;--awb-width-medium:50%;--awb-order-medium:0;--awb-spacing-right-medium:3.84%;--awb-spacing-left-medium:3.84%;--awb-width-small:100%;--awb-order-small:0;--awb-spacing-right-small:1.92%;--awb-spacing-left-small:1.92%;\"><div class=\"fusion-column-wrapper fusion-column-has-shadow fusion-flex-justify-content-flex-start fusion-content-layout-column\"><div class=\"fusion-title title fusion-title-5 fusion-sep-none fusion-title-text fusion-title-size-two\" style=\"--awb-text-color:#1840b4;--awb-margin-top-small:10px;--awb-margin-right-small:0px;--awb-margin-bottom-small:10px;--awb-margin-left-small:0px;--awb-font-size:18px;\"><h2 class=\"fusion-title-heading title-heading-left\" style=\"margin:0;font-size:1em;\"><a href=\"https:\/\/www.opalmotion.com\/fr\/roller-linear-guide\/\"><strong>Guide lin\u00e9aire \u00e0 rouleaux<\/strong><\/a><\/h2><\/div><div class=\"fusion-image-element\" style=\"--awb-caption-title-font-family:var(--h2_typography-font-family);--awb-caption-title-font-weight:var(--h2_typography-font-weight);--awb-caption-title-font-style:var(--h2_typography-font-style);--awb-caption-title-size:var(--h2_typography-font-size);--awb-caption-title-transform:var(--h2_typography-text-transform);--awb-caption-title-line-height:var(--h2_typography-line-height);--awb-caption-title-letter-spacing:var(--h2_typography-letter-spacing);\"><span class=\"fusion-imageframe imageframe-none imageframe-5 hover-type-zoomin\" style=\"border:4px solid #f4f6f9;\"><a class=\"fusion-no-lightbox\" href=\"https:\/\/www.opalmotion.com\/fr\/roller-linear-guide\/\" target=\"_self\"><img decoding=\"async\" width=\"600\" height=\"450\" alt=\"Roller-Linear-Guide-Category\" src=\"https:\/\/www.opalmotion.com\/wp-content\/uploads\/2021\/07\/Roller-Linear-Guide-Category.jpg\" class=\"img-responsive wp-image-801\" srcset=\"https:\/\/www.opalmotion.com\/wp-content\/uploads\/2021\/07\/Roller-Linear-Guide-Category-200x150.jpg 200w, https:\/\/www.opalmotion.com\/wp-content\/uploads\/2021\/07\/Roller-Linear-Guide-Category-400x300.jpg 400w, https:\/\/www.opalmotion.com\/wp-content\/uploads\/2021\/07\/Roller-Linear-Guide-Category.jpg 600w\" sizes=\"(max-width: 640px) 100vw, 600px\" \/><\/a><\/span><\/div><div ><a class=\"fusion-button button-flat button-small button-default fusion-button-default button-5 fusion-button-default-span fusion-button-default-type\" style=\"--button_margin-top:10px;--button_margin-bottom:10px;\" target=\"_self\" href=\"https:\/\/www.opalmotion.com\/fr\/roller-linear-guide\/\"><span class=\"fusion-button-text awb-button__text awb-button__text--default\">En savoir plus<\/span><i class=\"fa-angle-double-right fas awb-button__icon awb-button__icon--default button-icon-right\" aria-hidden=\"true\"><\/i><\/a><\/div><div class=\"fusion-text fusion-text-5\"><p>* caract\u00e9ristique: interchangeable avec RG, rigidit\u00e9 \u00e9lev\u00e9e, bon \u00e9quilibre de charge, haute pr\u00e9cision<\/p>\n<p>Les guides lin\u00e9aires \u00e0 rouleaux de la s\u00e9rie SR utilisent des rouleaux comme \u00e9l\u00e9ments de roulement au lieu de billes d\u2019acier. L\u2019angle de contact de chaque rang\u00e9e de billes d\u2019acier est de 45<\/p>\n<p>La boule offre une zone de contact unique, tandis que le rouleau offre une zone de contact de ligne plus grande. Le r\u00e9sultat est une capacit\u00e9 de charge sensiblement plus \u00e9lev\u00e9e et une usure plus faible avec un frottement de roulement minimal.<\/p>\n<p>Les guides de rouleaux sont disponibles dans les classes de pr\u00e9cision H et P et sont interchangeables ou compatibles avec les classes de pr\u00e9cision H standard.<\/p>\n<p>Les guides lin\u00e9aires \u00e0 rouleaux SR offrent des performances \u00e9lev\u00e9es pour une fabrication de haute pr\u00e9cision et une dur\u00e9e de vie plus longue. Ils sont id\u00e9aux pour les industries telles que les machines-outils, l\u2019automatisation, le moulage par injection plastique ou la manutention de mat\u00e9riaux.<\/p>\n<\/div><\/div><\/div><\/div><\/div>","protected":false},"excerpt":{"rendered":"","protected":false},"author":1,"featured_media":0,"parent":0,"menu_order":0,"comment_status":"closed","ping_status":"closed","template":"","meta":{"footnotes":""},"class_list":["post-145","page","type-page","status-publish","hentry"],"yoast_head":"<!-- This site is optimized with the Yoast SEO plugin v27.4 - https:\/\/yoast.com\/product\/yoast-seo-wordpress\/ -->\n<title>Linear Guides - LTROBOT<\/title>\n<meta name=\"robots\" content=\"index, follow, max-snippet:-1, max-image-preview:large, max-video-preview:-1\" \/>\n<link rel=\"canonical\" href=\"https:\/\/www.opalmotion.com\/fr\/linear-guides\/\" \/>\n<meta property=\"og:locale\" content=\"fr_FR\" \/>\n<meta property=\"og:type\" content=\"article\" \/>\n<meta property=\"og:title\" content=\"Linear Guides - LTROBOT\" \/>\n<meta property=\"og:url\" content=\"https:\/\/www.opalmotion.com\/fr\/linear-guides\/\" \/>\n<meta property=\"og:site_name\" content=\"LTROBOT\" \/>\n<meta property=\"article:modified_time\" content=\"2021-12-31T10:22:31+00:00\" \/>\n<meta name=\"twitter:card\" content=\"summary_large_image\" \/>\n<meta name=\"twitter:label1\" content=\"Dur\u00e9e de lecture estim\u00e9e\" \/>\n\t<meta name=\"twitter:data1\" content=\"6 minutes\" \/>\n<script type=\"application\/ld+json\" class=\"yoast-schema-graph\">{\"@context\":\"https:\\\/\\\/schema.org\",\"@graph\":[{\"@type\":\"WebPage\",\"@id\":\"https:\\\/\\\/www.opalmotion.com\\\/linear-guides\\\/\",\"url\":\"https:\\\/\\\/www.opalmotion.com\\\/linear-guides\\\/\",\"name\":\"Linear Guides - LTROBOT\",\"isPartOf\":{\"@id\":\"https:\\\/\\\/www.opalmotion.com\\\/ja\\\/#website\"},\"datePublished\":\"2021-02-08T02:18:54+00:00\",\"dateModified\":\"2021-12-31T10:22:31+00:00\",\"breadcrumb\":{\"@id\":\"https:\\\/\\\/www.opalmotion.com\\\/linear-guides\\\/#breadcrumb\"},\"inLanguage\":\"fr-FR\",\"potentialAction\":[{\"@type\":\"ReadAction\",\"target\":[\"https:\\\/\\\/www.opalmotion.com\\\/linear-guides\\\/\"]}]},{\"@type\":\"BreadcrumbList\",\"@id\":\"https:\\\/\\\/www.opalmotion.com\\\/linear-guides\\\/#breadcrumb\",\"itemListElement\":[{\"@type\":\"ListItem\",\"position\":1,\"name\":\"Home\",\"item\":\"https:\\\/\\\/www.opalmotion.com\\\/\"},{\"@type\":\"ListItem\",\"position\":2,\"name\":\"Linear Guides\"}]},{\"@type\":\"WebSite\",\"@id\":\"https:\\\/\\\/www.opalmotion.com\\\/ja\\\/#website\",\"url\":\"https:\\\/\\\/www.opalmotion.com\\\/ja\\\/\",\"name\":\"LTROBOT\",\"description\":\"\",\"potentialAction\":[{\"@type\":\"SearchAction\",\"target\":{\"@type\":\"EntryPoint\",\"urlTemplate\":\"https:\\\/\\\/www.opalmotion.com\\\/ja\\\/?s={search_term_string}\"},\"query-input\":{\"@type\":\"PropertyValueSpecification\",\"valueRequired\":true,\"valueName\":\"search_term_string\"}}],\"inLanguage\":\"fr-FR\"}]}<\/script>\n<!-- \/ Yoast SEO plugin. -->","yoast_head_json":{"title":"Linear Guides - LTROBOT","robots":{"index":"index","follow":"follow","max-snippet":"max-snippet:-1","max-image-preview":"max-image-preview:large","max-video-preview":"max-video-preview:-1"},"canonical":"https:\/\/www.opalmotion.com\/fr\/linear-guides\/","og_locale":"fr_FR","og_type":"article","og_title":"Linear Guides - LTROBOT","og_url":"https:\/\/www.opalmotion.com\/fr\/linear-guides\/","og_site_name":"LTROBOT","article_modified_time":"2021-12-31T10:22:31+00:00","twitter_card":"summary_large_image","twitter_misc":{"Dur\u00e9e de lecture estim\u00e9e":"6 minutes"},"schema":{"@context":"https:\/\/schema.org","@graph":[{"@type":"WebPage","@id":"https:\/\/www.opalmotion.com\/linear-guides\/","url":"https:\/\/www.opalmotion.com\/linear-guides\/","name":"Linear Guides - LTROBOT","isPartOf":{"@id":"https:\/\/www.opalmotion.com\/ja\/#website"},"datePublished":"2021-02-08T02:18:54+00:00","dateModified":"2021-12-31T10:22:31+00:00","breadcrumb":{"@id":"https:\/\/www.opalmotion.com\/linear-guides\/#breadcrumb"},"inLanguage":"fr-FR","potentialAction":[{"@type":"ReadAction","target":["https:\/\/www.opalmotion.com\/linear-guides\/"]}]},{"@type":"BreadcrumbList","@id":"https:\/\/www.opalmotion.com\/linear-guides\/#breadcrumb","itemListElement":[{"@type":"ListItem","position":1,"name":"Home","item":"https:\/\/www.opalmotion.com\/"},{"@type":"ListItem","position":2,"name":"Linear Guides"}]},{"@type":"WebSite","@id":"https:\/\/www.opalmotion.com\/ja\/#website","url":"https:\/\/www.opalmotion.com\/ja\/","name":"LTROBOT","description":"","potentialAction":[{"@type":"SearchAction","target":{"@type":"EntryPoint","urlTemplate":"https:\/\/www.opalmotion.com\/ja\/?s={search_term_string}"},"query-input":{"@type":"PropertyValueSpecification","valueRequired":true,"valueName":"search_term_string"}}],"inLanguage":"fr-FR"}]}},"_links":{"self":[{"href":"https:\/\/www.opalmotion.com\/fr\/wp-json\/wp\/v2\/pages\/145","targetHints":{"allow":["GET"]}}],"collection":[{"href":"https:\/\/www.opalmotion.com\/fr\/wp-json\/wp\/v2\/pages"}],"about":[{"href":"https:\/\/www.opalmotion.com\/fr\/wp-json\/wp\/v2\/types\/page"}],"author":[{"embeddable":true,"href":"https:\/\/www.opalmotion.com\/fr\/wp-json\/wp\/v2\/users\/1"}],"replies":[{"embeddable":true,"href":"https:\/\/www.opalmotion.com\/fr\/wp-json\/wp\/v2\/comments?post=145"}],"version-history":[{"count":23,"href":"https:\/\/www.opalmotion.com\/fr\/wp-json\/wp\/v2\/pages\/145\/revisions"}],"predecessor-version":[{"id":968,"href":"https:\/\/www.opalmotion.com\/fr\/wp-json\/wp\/v2\/pages\/145\/revisions\/968"}],"wp:attachment":[{"href":"https:\/\/www.opalmotion.com\/fr\/wp-json\/wp\/v2\/media?parent=145"}],"curies":[{"name":"wp","href":"https:\/\/api.w.org\/{rel}","templated":true}]}}