{"id":145,"date":"2021-02-08T02:18:54","date_gmt":"2021-02-08T02:18:54","guid":{"rendered":"https:\/\/www.opalmotion.com\/?page_id=145"},"modified":"2021-12-31T10:22:31","modified_gmt":"2021-12-31T10:22:31","slug":"linear-guides","status":"publish","type":"page","link":"https:\/\/www.opalmotion.com\/pt\/linear-guides\/","title":{"rendered":"Guias Lineares"},"content":{"rendered":"<div class=\"fusion-fullwidth fullwidth-box fusion-builder-row-1 fusion-flex-container nonhundred-percent-fullwidth non-hundred-percent-height-scrolling\" style=\"--awb-border-radius-top-left:0px;--awb-border-radius-top-right:0px;--awb-border-radius-bottom-right:0px;--awb-border-radius-bottom-left:0px;--awb-flex-wrap:wrap;\" ><div class=\"fusion-builder-row fusion-row fusion-flex-align-items-flex-start fusion-flex-content-wrap\" style=\"max-width:1539.2px;margin-left: calc(-4% \/ 2 );margin-right: calc(-4% \/ 2 );\"><div class=\"fusion-layout-column fusion_builder_column fusion-builder-column-0 fusion_builder_column_1_2 1_2 fusion-flex-column\" style=\"--awb-bg-size:cover;--awb-width-large:50%;--awb-margin-top-large:10px;--awb-spacing-right-large:3.84%;--awb-margin-bottom-large:10px;--awb-spacing-left-large:3.84%;--awb-width-medium:50%;--awb-order-medium:0;--awb-spacing-right-medium:3.84%;--awb-spacing-left-medium:3.84%;--awb-width-small:100%;--awb-order-small:0;--awb-spacing-right-small:1.92%;--awb-spacing-left-small:1.92%;\"><div class=\"fusion-column-wrapper fusion-column-has-shadow fusion-flex-justify-content-flex-start fusion-content-layout-column\"><div class=\"fusion-title title fusion-title-1 fusion-sep-none fusion-title-text fusion-title-size-two\" style=\"--awb-text-color:#1840b4;--awb-margin-top-small:10px;--awb-margin-right-small:0px;--awb-margin-bottom-small:10px;--awb-margin-left-small:0px;--awb-font-size:18px;\"><h2 class=\"fusion-title-heading title-heading-left\" style=\"margin:0;font-size:1em;\"><a href=\"https:\/\/www.opalmotion.com\/pt\/sg-high-capacity-linear-guide\/\"><strong>S\u00e9rie SG\u00a0<\/strong><\/a><\/h2><\/div><div class=\"fusion-image-element\" style=\"--awb-caption-title-font-family:var(--h2_typography-font-family);--awb-caption-title-font-weight:var(--h2_typography-font-weight);--awb-caption-title-font-style:var(--h2_typography-font-style);--awb-caption-title-size:var(--h2_typography-font-size);--awb-caption-title-transform:var(--h2_typography-text-transform);--awb-caption-title-line-height:var(--h2_typography-line-height);--awb-caption-title-letter-spacing:var(--h2_typography-letter-spacing);\"><span class=\"fusion-imageframe imageframe-none imageframe-1 hover-type-zoomin\" style=\"border:4px solid #f4f6f9;\"><a class=\"fusion-no-lightbox\" href=\"https:\/\/www.opalmotion.com\/pt\/sg-high-capacity-linear-guide\/\" target=\"_self\"><img decoding=\"async\" width=\"600\" height=\"450\" alt=\"1. SG high capacity linear guide\" src=\"https:\/\/www.opalmotion.com\/wp-content\/uploads\/2021\/02\/1.-SG-high-capacity-linear-guide.jpg\" class=\"img-responsive wp-image-87\" srcset=\"https:\/\/www.opalmotion.com\/wp-content\/uploads\/2021\/02\/1.-SG-high-capacity-linear-guide-200x150.jpg 200w, https:\/\/www.opalmotion.com\/wp-content\/uploads\/2021\/02\/1.-SG-high-capacity-linear-guide-400x300.jpg 400w, https:\/\/www.opalmotion.com\/wp-content\/uploads\/2021\/02\/1.-SG-high-capacity-linear-guide.jpg 600w\" sizes=\"(max-width: 640px) 100vw, 600px\" \/><\/a><\/span><\/div><div ><a class=\"fusion-button button-flat button-small button-default fusion-button-default button-1 fusion-button-default-span fusion-button-default-type\" style=\"--button_margin-top:10px;--button_margin-bottom:10px;\" target=\"_self\" href=\"https:\/\/www.opalmotion.com\/pt\/sg-high-capacity-linear-guide\/\"><span class=\"fusion-button-text awb-button__text awb-button__text--default\">Saiba mais<\/span><i class=\"fa-angle-double-right fas awb-button__icon awb-button__icon--default button-icon-right\" aria-hidden=\"true\"><\/i><\/a><\/div><div class=\"fusion-text fusion-text-1\"><p>*Caracter\u00edstica : Carga super pesada, \u00e0 prova de poeiras por exemplo nosso triturador usa esta s\u00e9rie.*<\/p>\n<p>As Guias Linearess\u00e9rie SG tem capacidade do momento de carga superior \u00e0quelas da s\u00e9rie LDH padr\u00e3o.<\/p>\n<p>A configura\u00e7\u00e3o do rolamento tipo circular (contraposi\u00e7\u00e3o) e uma unidade de recircula\u00e7\u00e3o integrada otimizam bastante a circula\u00e7\u00e3o do rolamento melhorando as capacidades de momento de carga e promovendo um movimento regular.<\/p>\n<p>Uma faixa de cobertura de a\u00e7o inoxid\u00e1vel opcional aumenta a prote\u00e7\u00e3o contra poeira e promove uma transi\u00e7\u00e3o suave do bloco.<\/p>\n<\/div><\/div><\/div><div class=\"fusion-layout-column fusion_builder_column fusion-builder-column-1 fusion_builder_column_1_2 1_2 fusion-flex-column\" style=\"--awb-bg-size:cover;--awb-width-large:50%;--awb-margin-top-large:10px;--awb-spacing-right-large:3.84%;--awb-margin-bottom-large:10px;--awb-spacing-left-large:3.84%;--awb-width-medium:50%;--awb-order-medium:0;--awb-spacing-right-medium:3.84%;--awb-spacing-left-medium:3.84%;--awb-width-small:100%;--awb-order-small:0;--awb-spacing-right-small:1.92%;--awb-spacing-left-small:1.92%;\"><div class=\"fusion-column-wrapper fusion-column-has-shadow fusion-flex-justify-content-flex-start fusion-content-layout-column\"><div class=\"fusion-title title fusion-title-2 fusion-sep-none fusion-title-text fusion-title-size-two\" style=\"--awb-text-color:#1840b4;--awb-margin-top-small:10px;--awb-margin-right-small:0px;--awb-margin-bottom-small:10px;--awb-margin-left-small:0px;--awb-font-size:18px;\"><h2 class=\"fusion-title-heading title-heading-left\" style=\"margin:0;font-size:1em;\"><a href=\"https:\/\/www.opalmotion.com\/pt\/ldh-standard-linear-guides\/\"><strong>S\u00e9rie LDH<\/strong><\/a><\/h2><\/div><div class=\"fusion-image-element\" style=\"--awb-caption-title-font-family:var(--h2_typography-font-family);--awb-caption-title-font-weight:var(--h2_typography-font-weight);--awb-caption-title-font-style:var(--h2_typography-font-style);--awb-caption-title-size:var(--h2_typography-font-size);--awb-caption-title-transform:var(--h2_typography-text-transform);--awb-caption-title-line-height:var(--h2_typography-line-height);--awb-caption-title-letter-spacing:var(--h2_typography-letter-spacing);\"><span class=\"fusion-imageframe imageframe-none imageframe-2 hover-type-zoomin\" style=\"border:4px solid #f4f6f9;\"><a class=\"fusion-no-lightbox\" href=\"https:\/\/www.opalmotion.com\/pt\/ldh-standard-linear-guides\/\" target=\"_self\"><img decoding=\"async\" width=\"600\" height=\"450\" alt=\"2. LDH standard linear guides\" src=\"https:\/\/www.opalmotion.com\/wp-content\/uploads\/2021\/02\/2.-LDH-standard-linear-guides.jpg\" class=\"img-responsive wp-image-88\" srcset=\"https:\/\/www.opalmotion.com\/wp-content\/uploads\/2021\/02\/2.-LDH-standard-linear-guides-200x150.jpg 200w, https:\/\/www.opalmotion.com\/wp-content\/uploads\/2021\/02\/2.-LDH-standard-linear-guides-400x300.jpg 400w, https:\/\/www.opalmotion.com\/wp-content\/uploads\/2021\/02\/2.-LDH-standard-linear-guides.jpg 600w\" sizes=\"(max-width: 640px) 100vw, 600px\" \/><\/a><\/span><\/div><div ><a class=\"fusion-button button-flat button-small button-default fusion-button-default button-2 fusion-button-default-span fusion-button-default-type\" style=\"--button_margin-top:10px;--button_margin-bottom:10px;\" target=\"_self\" href=\"https:\/\/www.opalmotion.com\/pt\/ldh-standard-linear-guides\/\"><span class=\"fusion-button-text awb-button__text awb-button__text--default\">Saiba mais<\/span><i class=\"fa-angle-double-right fas awb-button__icon awb-button__icon--default button-icon-right\" aria-hidden=\"true\"><\/i><\/a><\/div><div class=\"fusion-text fusion-text-2\"><p>*Caracter\u00edstica: Intercambi\u00e1vel com HG, compat\u00edvel com a maioria das outras marcas Amplamente usada por v\u00e1rias ind\u00fastrias*<\/p>\n<p>Os blocos e trilhos da guia linear padr\u00e3o t\u00eam pre\u00e7o competitivo e qualidade razo\u00e1vel. Eles s\u00e3o adequados para aplica\u00e7\u00f5es de menor demanda e s\u00e3o intercambi\u00e1veis com produtos HG com bloco linear e trilhos de guia linear feitos na precis\u00e3o normal C, zero, pr\u00e9-carga leve e alta.<\/p>\n<\/div><\/div><\/div><div class=\"fusion-layout-column fusion_builder_column fusion-builder-column-2 fusion_builder_column_1_2 1_2 fusion-flex-column\" style=\"--awb-bg-size:cover;--awb-width-large:50%;--awb-margin-top-large:10px;--awb-spacing-right-large:3.84%;--awb-margin-bottom-large:10px;--awb-spacing-left-large:3.84%;--awb-width-medium:50%;--awb-order-medium:0;--awb-spacing-right-medium:3.84%;--awb-spacing-left-medium:3.84%;--awb-width-small:100%;--awb-order-small:0;--awb-spacing-right-small:1.92%;--awb-spacing-left-small:1.92%;\"><div class=\"fusion-column-wrapper fusion-column-has-shadow fusion-flex-justify-content-flex-start fusion-content-layout-column\"><div class=\"fusion-title title fusion-title-3 fusion-sep-none fusion-title-text fusion-title-size-two\" style=\"--awb-text-color:#1840b4;--awb-margin-top-small:10px;--awb-margin-right-small:0px;--awb-margin-bottom-small:10px;--awb-margin-left-small:0px;--awb-font-size:18px;\"><h2 class=\"fusion-title-heading title-heading-left\" style=\"margin:0;font-size:1em;\"><a href=\"https:\/\/www.opalmotion.com\/pt\/miniature-linear-guide\/\"><strong>S\u00e9rie LDM Miniaturas\u00a0<\/strong><\/a><\/h2><\/div><div class=\"fusion-image-element\" style=\"--awb-caption-title-font-family:var(--h2_typography-font-family);--awb-caption-title-font-weight:var(--h2_typography-font-weight);--awb-caption-title-font-style:var(--h2_typography-font-style);--awb-caption-title-size:var(--h2_typography-font-size);--awb-caption-title-transform:var(--h2_typography-text-transform);--awb-caption-title-line-height:var(--h2_typography-line-height);--awb-caption-title-letter-spacing:var(--h2_typography-letter-spacing);\"><span class=\"fusion-imageframe imageframe-none imageframe-3 hover-type-zoomin\" style=\"border:4px solid #f4f6f9;\"><a class=\"fusion-no-lightbox\" href=\"https:\/\/www.opalmotion.com\/pt\/miniature-linear-guide\/\" target=\"_self\"><img decoding=\"async\" width=\"800\" height=\"533\" alt=\"S\u00e9rie LDM Miniaturas\" src=\"https:\/\/www.opalmotion.com\/wp-content\/uploads\/2021\/11\/Miniatures.jpg\" class=\"img-responsive wp-image-883\" srcset=\"https:\/\/www.opalmotion.com\/wp-content\/uploads\/2021\/11\/Miniatures-200x133.jpg 200w, https:\/\/www.opalmotion.com\/wp-content\/uploads\/2021\/11\/Miniatures-400x267.jpg 400w, https:\/\/www.opalmotion.com\/wp-content\/uploads\/2021\/11\/Miniatures-600x400.jpg 600w, https:\/\/www.opalmotion.com\/wp-content\/uploads\/2021\/11\/Miniatures.jpg 800w\" sizes=\"(max-width: 640px) 100vw, 800px\" \/><\/a><\/span><\/div><div ><a class=\"fusion-button button-flat button-small button-default fusion-button-default button-3 fusion-button-default-span fusion-button-default-type\" style=\"--button_margin-top:10px;--button_margin-bottom:10px;\" target=\"_self\" href=\"https:\/\/www.opalmotion.com\/pt\/miniature-linear-guide\/\"><span class=\"fusion-button-text awb-button__text awb-button__text--default\">Saiba mais<\/span><i class=\"fa-angle-double-right fas awb-button__icon awb-button__icon--default button-icon-right\" aria-hidden=\"true\"><\/i><\/a><\/div><div class=\"fusion-text fusion-text-3\"><p>*Caracter\u00edstica : Intercambi\u00e1vel com MGNm, compat\u00edvel com a maioria das outras marcas*<\/p>\n<p>A guia linear miniatura fornece uma orienta\u00e7\u00e3o de baixo atrito e precis\u00e3o das pr\u00e9-carga para a m\u00e1quina e aplica\u00e7\u00f5es de instrumentos. Um ou v\u00e1rios blocos de rolamentos podem ser montados em um trilho de guia linear.<\/p>\n<p>Existem tamb\u00e9m op\u00e7\u00f5es para blocos maiores, largos e padr\u00e3o. Est\u00e3o dispon\u00edveis tr\u00eas graus de precis\u00e3o diferentes, grau C, grau H e grau P.<\/p>\n<p>Estes produtos est\u00e3o dispon\u00edveis em tamanhos padr\u00e3o da ind\u00fastria, como pequeno 7 at\u00e9 o tamanho 15. Comprimento do trilho at\u00e9 2000mm.<\/p>\n<\/div><\/div><\/div><div class=\"fusion-layout-column fusion_builder_column fusion-builder-column-3 fusion_builder_column_1_2 1_2 fusion-flex-column\" style=\"--awb-bg-size:cover;--awb-width-large:50%;--awb-margin-top-large:10px;--awb-spacing-right-large:3.84%;--awb-margin-bottom-large:10px;--awb-spacing-left-large:3.84%;--awb-width-medium:50%;--awb-order-medium:0;--awb-spacing-right-medium:3.84%;--awb-spacing-left-medium:3.84%;--awb-width-small:100%;--awb-order-small:0;--awb-spacing-right-small:1.92%;--awb-spacing-left-small:1.92%;\"><div class=\"fusion-column-wrapper fusion-column-has-shadow fusion-flex-justify-content-flex-start fusion-content-layout-column\"><div class=\"fusion-title title fusion-title-4 fusion-sep-none fusion-title-text fusion-title-size-two\" style=\"--awb-text-color:#1840b4;--awb-margin-top-small:10px;--awb-margin-right-small:0px;--awb-margin-bottom-small:10px;--awb-margin-left-small:0px;--awb-font-size:18px;\"><h2 class=\"fusion-title-heading title-heading-left\" style=\"margin:0;font-size:1em;\"><a href=\"https:\/\/www.opalmotion.com\/pt\/stainless-steel-miniature-guide\/\"><strong>S\u00e9rie LDM Miniaturas - A\u00e7o inoxid\u00e1vel<\/strong><\/a><\/h2><\/div><div class=\"fusion-image-element\" style=\"--awb-caption-title-font-family:var(--h2_typography-font-family);--awb-caption-title-font-weight:var(--h2_typography-font-weight);--awb-caption-title-font-style:var(--h2_typography-font-style);--awb-caption-title-size:var(--h2_typography-font-size);--awb-caption-title-transform:var(--h2_typography-text-transform);--awb-caption-title-line-height:var(--h2_typography-line-height);--awb-caption-title-letter-spacing:var(--h2_typography-letter-spacing);\"><span class=\"fusion-imageframe imageframe-none imageframe-4 hover-type-zoomin\" style=\"border:4px solid #f4f6f9;\"><a class=\"fusion-no-lightbox\" href=\"https:\/\/www.opalmotion.com\/pt\/stainless-steel-miniature-guide\/\" target=\"_self\"><img decoding=\"async\" width=\"800\" height=\"533\" alt=\"Miniaturas-A\u00e7o inoxid\u00e1vel\" src=\"https:\/\/www.opalmotion.com\/wp-content\/uploads\/2021\/11\/Stainless-Steel-Miniature-Guide.jpg\" class=\"img-responsive wp-image-903\" srcset=\"https:\/\/www.opalmotion.com\/wp-content\/uploads\/2021\/11\/Stainless-Steel-Miniature-Guide-200x133.jpg 200w, https:\/\/www.opalmotion.com\/wp-content\/uploads\/2021\/11\/Stainless-Steel-Miniature-Guide-400x267.jpg 400w, https:\/\/www.opalmotion.com\/wp-content\/uploads\/2021\/11\/Stainless-Steel-Miniature-Guide-600x400.jpg 600w, https:\/\/www.opalmotion.com\/wp-content\/uploads\/2021\/11\/Stainless-Steel-Miniature-Guide.jpg 800w\" sizes=\"(max-width: 640px) 100vw, 800px\" \/><\/a><\/span><\/div><div ><a class=\"fusion-button button-flat button-small button-default fusion-button-default button-4 fusion-button-default-span fusion-button-default-type\" style=\"--button_margin-top:10px;--button_margin-bottom:10px;\" target=\"_self\" href=\"https:\/\/www.opalmotion.com\/pt\/stainless-steel-miniature-guide\/\"><span class=\"fusion-button-text awb-button__text awb-button__text--default\">Saiba mais<\/span><i class=\"fa-angle-double-right fas awb-button__icon awb-button__icon--default button-icon-right\" aria-hidden=\"true\"><\/i><\/a><\/div><div class=\"fusion-text fusion-text-4\"><p>*Caracter\u00edstica: Resistente \u00e0 corros\u00e3o*<\/p>\n<p>O bloco de guia linear e o trilho de guia linear s\u00e3o feitos com a\u00e7o inoxid\u00e1vel 440C.<\/p>\n<p>Existem tamb\u00e9m op\u00e7\u00f5es para blocos maiores, largos e padr\u00e3o. Est\u00e3o dispon\u00edveis tr\u00eas graus de precis\u00e3o diferentes, grau C, grau H e grau P.<\/p>\n<p>Estes produtos est\u00e3o dispon\u00edveis em tamanhos padr\u00e3o da ind\u00fastria, como pequeno 3mm at\u00e9 o tamanho 15mm. Comprimento do trilho at\u00e9 1500mm.<\/p>\n<\/div><\/div><\/div><div class=\"fusion-layout-column fusion_builder_column fusion-builder-column-4 fusion_builder_column_1_2 1_2 fusion-flex-column\" style=\"--awb-bg-size:cover;--awb-width-large:50%;--awb-margin-top-large:10px;--awb-spacing-right-large:3.84%;--awb-margin-bottom-large:10px;--awb-spacing-left-large:3.84%;--awb-width-medium:50%;--awb-order-medium:0;--awb-spacing-right-medium:3.84%;--awb-spacing-left-medium:3.84%;--awb-width-small:100%;--awb-order-small:0;--awb-spacing-right-small:1.92%;--awb-spacing-left-small:1.92%;\"><div class=\"fusion-column-wrapper fusion-column-has-shadow fusion-flex-justify-content-flex-start fusion-content-layout-column\"><div class=\"fusion-title title fusion-title-5 fusion-sep-none fusion-title-text fusion-title-size-two\" style=\"--awb-text-color:#1840b4;--awb-margin-top-small:10px;--awb-margin-right-small:0px;--awb-margin-bottom-small:10px;--awb-margin-left-small:0px;--awb-font-size:18px;\"><h2 class=\"fusion-title-heading title-heading-left\" style=\"margin:0;font-size:1em;\"><a href=\"https:\/\/www.opalmotion.com\/pt\/roller-linear-guide\/\"><strong>Guia linear rolante<\/strong><\/a><\/h2><\/div><div class=\"fusion-image-element\" style=\"--awb-caption-title-font-family:var(--h2_typography-font-family);--awb-caption-title-font-weight:var(--h2_typography-font-weight);--awb-caption-title-font-style:var(--h2_typography-font-style);--awb-caption-title-size:var(--h2_typography-font-size);--awb-caption-title-transform:var(--h2_typography-text-transform);--awb-caption-title-line-height:var(--h2_typography-line-height);--awb-caption-title-letter-spacing:var(--h2_typography-letter-spacing);\"><span class=\"fusion-imageframe imageframe-none imageframe-5 hover-type-zoomin\" style=\"border:4px solid #f4f6f9;\"><a class=\"fusion-no-lightbox\" href=\"https:\/\/www.opalmotion.com\/pt\/roller-linear-guide\/\" target=\"_self\"><img decoding=\"async\" width=\"600\" height=\"450\" alt=\"Roller-Linear-Guide-Category\" src=\"https:\/\/www.opalmotion.com\/wp-content\/uploads\/2021\/07\/Roller-Linear-Guide-Category.jpg\" class=\"img-responsive wp-image-801\" srcset=\"https:\/\/www.opalmotion.com\/wp-content\/uploads\/2021\/07\/Roller-Linear-Guide-Category-200x150.jpg 200w, https:\/\/www.opalmotion.com\/wp-content\/uploads\/2021\/07\/Roller-Linear-Guide-Category-400x300.jpg 400w, https:\/\/www.opalmotion.com\/wp-content\/uploads\/2021\/07\/Roller-Linear-Guide-Category.jpg 600w\" sizes=\"(max-width: 640px) 100vw, 600px\" \/><\/a><\/span><\/div><div ><a class=\"fusion-button button-flat button-small button-default fusion-button-default button-5 fusion-button-default-span fusion-button-default-type\" style=\"--button_margin-top:10px;--button_margin-bottom:10px;\" target=\"_self\" href=\"https:\/\/www.opalmotion.com\/pt\/roller-linear-guide\/\"><span class=\"fusion-button-text awb-button__text awb-button__text--default\">Saiba mais<\/span><i class=\"fa-angle-double-right fas awb-button__icon awb-button__icon--default button-icon-right\" aria-hidden=\"true\"><\/i><\/a><\/div><div class=\"fusion-text fusion-text-5\"><p>* caracter\u00edstica: intercambi\u00e1vel com RG, alta rigidez, bom equil\u00edbrio de carga, alta precis\u00e3o<\/p>\n<p>O guia linear do rolo da s\u00e9rie do SR usa o rolo como o elemento do rolamento, n\u00e3o as bolas de a\u00e7o. O \u00e2ngulo de contato de cada fileira de bolas de a\u00e7o \u00e9 45<\/p>\n<p>A bola fornece uma \u00e1rea de contato de ponto \u00fanico, enquanto o rolo fornece uma \u00e1rea de contato de linha maior. Este resultado \u00e9 substancialmente maior capacidade de carga e menor desgaste com m\u00ednimo atrito de rolamento.<\/p>\n<p>Os guias de rolo est\u00e3o dispon\u00edveis nas classes de precis\u00e3o H e P e s\u00e3o intercambi\u00e1veis ou compat\u00edveis com as classes de precis\u00e3o padr\u00e3o H.<\/p>\n<p>Os guias lineares de rolos SR oferecem alto desempenho na fabrica\u00e7\u00e3o de alta precis\u00e3o e alcan\u00e7am uma vida \u00fatil mais longa. S\u00e3o ideais para ind\u00fastrias como m\u00e1quinas-ferramentas, automa\u00e7\u00e3o, moldagem por inje\u00e7\u00e3o de pl\u00e1stico ou manuseio de materiais.<\/p>\n<\/div><\/div><\/div><\/div><\/div>","protected":false},"excerpt":{"rendered":"","protected":false},"author":1,"featured_media":0,"parent":0,"menu_order":0,"comment_status":"closed","ping_status":"closed","template":"","meta":{"footnotes":""},"class_list":["post-145","page","type-page","status-publish","hentry"],"yoast_head":"<!-- This site is optimized with the Yoast SEO plugin v27.4 - https:\/\/yoast.com\/product\/yoast-seo-wordpress\/ -->\n<title>Linear Guides - LTROBOT<\/title>\n<meta name=\"robots\" content=\"index, follow, max-snippet:-1, max-image-preview:large, max-video-preview:-1\" \/>\n<link rel=\"canonical\" href=\"https:\/\/www.opalmotion.com\/pt\/linear-guides\/\" \/>\n<meta property=\"og:locale\" content=\"pt_BR\" \/>\n<meta property=\"og:type\" content=\"article\" \/>\n<meta property=\"og:title\" content=\"Linear Guides - LTROBOT\" \/>\n<meta property=\"og:url\" content=\"https:\/\/www.opalmotion.com\/pt\/linear-guides\/\" \/>\n<meta property=\"og:site_name\" content=\"LTROBOT\" \/>\n<meta property=\"article:modified_time\" content=\"2021-12-31T10:22:31+00:00\" \/>\n<meta name=\"twitter:card\" content=\"summary_large_image\" \/>\n<meta name=\"twitter:label1\" content=\"Est. tempo de leitura\" \/>\n\t<meta name=\"twitter:data1\" content=\"6 minutos\" \/>\n<script type=\"application\/ld+json\" class=\"yoast-schema-graph\">{\"@context\":\"https:\\\/\\\/schema.org\",\"@graph\":[{\"@type\":\"WebPage\",\"@id\":\"https:\\\/\\\/www.opalmotion.com\\\/linear-guides\\\/\",\"url\":\"https:\\\/\\\/www.opalmotion.com\\\/linear-guides\\\/\",\"name\":\"Linear Guides - LTROBOT\",\"isPartOf\":{\"@id\":\"https:\\\/\\\/www.opalmotion.com\\\/ja\\\/#website\"},\"datePublished\":\"2021-02-08T02:18:54+00:00\",\"dateModified\":\"2021-12-31T10:22:31+00:00\",\"breadcrumb\":{\"@id\":\"https:\\\/\\\/www.opalmotion.com\\\/linear-guides\\\/#breadcrumb\"},\"inLanguage\":\"pt-BR\",\"potentialAction\":[{\"@type\":\"ReadAction\",\"target\":[\"https:\\\/\\\/www.opalmotion.com\\\/linear-guides\\\/\"]}]},{\"@type\":\"BreadcrumbList\",\"@id\":\"https:\\\/\\\/www.opalmotion.com\\\/linear-guides\\\/#breadcrumb\",\"itemListElement\":[{\"@type\":\"ListItem\",\"position\":1,\"name\":\"Home\",\"item\":\"https:\\\/\\\/www.opalmotion.com\\\/\"},{\"@type\":\"ListItem\",\"position\":2,\"name\":\"Linear Guides\"}]},{\"@type\":\"WebSite\",\"@id\":\"https:\\\/\\\/www.opalmotion.com\\\/ja\\\/#website\",\"url\":\"https:\\\/\\\/www.opalmotion.com\\\/ja\\\/\",\"name\":\"LTROBOT\",\"description\":\"\",\"potentialAction\":[{\"@type\":\"SearchAction\",\"target\":{\"@type\":\"EntryPoint\",\"urlTemplate\":\"https:\\\/\\\/www.opalmotion.com\\\/ja\\\/?s={search_term_string}\"},\"query-input\":{\"@type\":\"PropertyValueSpecification\",\"valueRequired\":true,\"valueName\":\"search_term_string\"}}],\"inLanguage\":\"pt-BR\"}]}<\/script>\n<!-- \/ Yoast SEO plugin. -->","yoast_head_json":{"title":"Linear Guides - LTROBOT","robots":{"index":"index","follow":"follow","max-snippet":"max-snippet:-1","max-image-preview":"max-image-preview:large","max-video-preview":"max-video-preview:-1"},"canonical":"https:\/\/www.opalmotion.com\/pt\/linear-guides\/","og_locale":"pt_BR","og_type":"article","og_title":"Linear Guides - LTROBOT","og_url":"https:\/\/www.opalmotion.com\/pt\/linear-guides\/","og_site_name":"LTROBOT","article_modified_time":"2021-12-31T10:22:31+00:00","twitter_card":"summary_large_image","twitter_misc":{"Est. tempo de leitura":"6 minutos"},"schema":{"@context":"https:\/\/schema.org","@graph":[{"@type":"WebPage","@id":"https:\/\/www.opalmotion.com\/linear-guides\/","url":"https:\/\/www.opalmotion.com\/linear-guides\/","name":"Linear Guides - LTROBOT","isPartOf":{"@id":"https:\/\/www.opalmotion.com\/ja\/#website"},"datePublished":"2021-02-08T02:18:54+00:00","dateModified":"2021-12-31T10:22:31+00:00","breadcrumb":{"@id":"https:\/\/www.opalmotion.com\/linear-guides\/#breadcrumb"},"inLanguage":"pt-BR","potentialAction":[{"@type":"ReadAction","target":["https:\/\/www.opalmotion.com\/linear-guides\/"]}]},{"@type":"BreadcrumbList","@id":"https:\/\/www.opalmotion.com\/linear-guides\/#breadcrumb","itemListElement":[{"@type":"ListItem","position":1,"name":"Home","item":"https:\/\/www.opalmotion.com\/"},{"@type":"ListItem","position":2,"name":"Linear Guides"}]},{"@type":"WebSite","@id":"https:\/\/www.opalmotion.com\/ja\/#website","url":"https:\/\/www.opalmotion.com\/ja\/","name":"LTROBOT","description":"","potentialAction":[{"@type":"SearchAction","target":{"@type":"EntryPoint","urlTemplate":"https:\/\/www.opalmotion.com\/ja\/?s={search_term_string}"},"query-input":{"@type":"PropertyValueSpecification","valueRequired":true,"valueName":"search_term_string"}}],"inLanguage":"pt-BR"}]}},"_links":{"self":[{"href":"https:\/\/www.opalmotion.com\/pt\/wp-json\/wp\/v2\/pages\/145","targetHints":{"allow":["GET"]}}],"collection":[{"href":"https:\/\/www.opalmotion.com\/pt\/wp-json\/wp\/v2\/pages"}],"about":[{"href":"https:\/\/www.opalmotion.com\/pt\/wp-json\/wp\/v2\/types\/page"}],"author":[{"embeddable":true,"href":"https:\/\/www.opalmotion.com\/pt\/wp-json\/wp\/v2\/users\/1"}],"replies":[{"embeddable":true,"href":"https:\/\/www.opalmotion.com\/pt\/wp-json\/wp\/v2\/comments?post=145"}],"version-history":[{"count":23,"href":"https:\/\/www.opalmotion.com\/pt\/wp-json\/wp\/v2\/pages\/145\/revisions"}],"predecessor-version":[{"id":968,"href":"https:\/\/www.opalmotion.com\/pt\/wp-json\/wp\/v2\/pages\/145\/revisions\/968"}],"wp:attachment":[{"href":"https:\/\/www.opalmotion.com\/pt\/wp-json\/wp\/v2\/media?parent=145"}],"curies":[{"name":"wp","href":"https:\/\/api.w.org\/{rel}","templated":true}]}}